{"id":219,"date":"2025-01-09T12:00:52","date_gmt":"2025-01-09T11:00:52","guid":{"rendered":"https:\/\/almenaraempresas.es\/?page_id=219"},"modified":"2025-11-17T12:02:41","modified_gmt":"2025-11-17T11:02:41","slug":"cookies","status":"publish","type":"page","link":"https:\/\/almenaraempresas.es\/en_us\/cookies\/","title":{"rendered":"Cookies"},"content":{"rendered":"<div data-elementor-type=\"wp-page\" data-elementor-id=\"219\" class=\"elementor elementor-219\">\n\t\t\t\t<div class=\"elementor-element elementor-element-9a2c354 e-con-full e-flex e-con e-parent\" data-id=\"9a2c354\" data-element_type=\"container\" data-e-type=\"container\">\n\t\t\t\t<div class=\"elementor-element elementor-element-8f1493d elementor-widget elementor-widget-heading\" data-id=\"8f1493d\" data-element_type=\"widget\" data-e-type=\"widget\" data-widget_type=\"heading.default\">\n\t\t\t\t<div class=\"elementor-widget-container\">\n\t\t\t\t\t<h2 class=\"elementor-heading-title elementor-size-default\">Cookies Policy<\/h2>\t\t\t\t<\/div>\n\t\t\t\t<\/div>\n\t\t\t\t<\/div>\n\t\t<div class=\"elementor-element elementor-element-0b95f5c e-flex e-con-boxed e-con e-parent\" data-id=\"0b95f5c\" data-element_type=\"container\" data-e-type=\"container\">\n\t\t\t\t\t<div class=\"e-con-inner\">\n\t\t\t\t<div class=\"elementor-element elementor-element-5b94c40 elementor-widget elementor-widget-heading\" data-id=\"5b94c40\" data-element_type=\"widget\" data-e-type=\"widget\" data-widget_type=\"heading.default\">\n\t\t\t\t<div class=\"elementor-widget-container\">\n\t\t\t\t\t<h2 class=\"elementor-heading-title elementor-size-default\">WHAT ARE COOKIES?<\/h2>\t\t\t\t<\/div>\n\t\t\t\t<\/div>\n\t\t\t\t<div class=\"elementor-element elementor-element-93a3f18 elementor-widget elementor-widget-text-editor\" data-id=\"93a3f18\" data-element_type=\"widget\" data-e-type=\"widget\" data-widget_type=\"text-editor.default\">\n\t\t\t\t<div class=\"elementor-widget-container\">\n\t\t\t\t\t\t\t\t\t<p>This Cookie Policy explains what cookies are and how we use them, the types of cookies we use, that is, the information we collect using cookies and how that information is used, and how to manage your cookie settings.<br \/>Cookies are small text files used to store small pieces of information. They are stored on your device when the website loads in your browser. These cookies help us make the website work properly, make it more secure, provide a better user experience and allow us to understand the performance of the website and analyze what is working and what needs improvement.<\/p>\t\t\t\t\t\t\t\t<\/div>\n\t\t\t\t<\/div>\n\t\t\t\t\t<\/div>\n\t\t\t\t<\/div>\n\t\t<div class=\"elementor-element elementor-element-d29f291 e-flex e-con-boxed e-con e-parent\" data-id=\"d29f291\" data-element_type=\"container\" data-e-type=\"container\">\n\t\t\t\t\t<div class=\"e-con-inner\">\n\t\t\t\t<div class=\"elementor-element elementor-element-a1c6037 elementor-widget elementor-widget-heading\" data-id=\"a1c6037\" data-element_type=\"widget\" data-e-type=\"widget\" data-widget_type=\"heading.default\">\n\t\t\t\t<div class=\"elementor-widget-container\">\n\t\t\t\t\t<h2 class=\"elementor-heading-title elementor-size-default\">HOW DO WE USE COOKIES?<\/h2>\t\t\t\t<\/div>\n\t\t\t\t<\/div>\n\t\t\t\t<div class=\"elementor-element elementor-element-83f2f9e elementor-widget elementor-widget-text-editor\" data-id=\"83f2f9e\" data-element_type=\"widget\" data-e-type=\"widget\" data-widget_type=\"text-editor.default\">\n\t\t\t\t<div class=\"elementor-widget-container\">\n\t\t\t\t\t\t\t\t\t<p>Like most online services, our website uses first-party and third-party cookies for various purposes. First-party cookies are primarily necessary for the website to function properly and do not collect personally identifiable data.<br \/>The third party cookies we use on our website are mainly to understand how the website performs, how you interact with our website, keep our services secure, provide relevant advertisements to you and generally provide you with a better and improved user experience. help streamline your future interactions with our website.<\/p>\t\t\t\t\t\t\t\t<\/div>\n\t\t\t\t<\/div>\n\t\t\t\t\t<\/div>\n\t\t\t\t<\/div>\n\t\t<div class=\"elementor-element elementor-element-69ee0d4 e-flex e-con-boxed e-con e-parent\" data-id=\"69ee0d4\" data-element_type=\"container\" data-e-type=\"container\">\n\t\t\t\t\t<div class=\"e-con-inner\">\n\t\t\t\t<div class=\"elementor-element elementor-element-af967f1 elementor-widget elementor-widget-heading\" data-id=\"af967f1\" data-element_type=\"widget\" data-e-type=\"widget\" data-widget_type=\"heading.default\">\n\t\t\t\t<div class=\"elementor-widget-container\">\n\t\t\t\t\t<h2 class=\"elementor-heading-title elementor-size-default\">TYPES OF COOKIES WE USE<\/h2>\t\t\t\t<\/div>\n\t\t\t\t<\/div>\n\t\t\t\t<div class=\"elementor-element elementor-element-8903fe9 elementor-widget elementor-widget-text-editor\" data-id=\"8903fe9\" data-element_type=\"widget\" data-e-type=\"widget\" data-widget_type=\"text-editor.default\">\n\t\t\t\t<div class=\"elementor-widget-container\">\n\t\t\t\t\t\t\t\t\t<p><strong>Necessary<\/strong><br \/>Necessary cookies are required to enable basic functions of this site, such as providing secure access or adjusting your consent preferences. These cookies do not store any personally identifiable data.<\/p><p><strong>Functional<\/strong><br \/>Functional cookies help perform certain functionalities such as sharing site content on social media platforms, collecting comments and other third-party features.<\/p>\t\t\t\t\t\t\t\t<\/div>\n\t\t\t\t<\/div>\n\t\t\t\t\t<\/div>\n\t\t\t\t<\/div>\n\t\t<div class=\"elementor-element elementor-element-1b943f4 e-flex e-con-boxed e-con e-parent\" data-id=\"1b943f4\" data-element_type=\"container\" data-e-type=\"container\">\n\t\t\t\t\t<div class=\"e-con-inner\">\n\t\t\t\t<div class=\"elementor-element elementor-element-043b645 elementor-widget elementor-widget-heading\" data-id=\"043b645\" data-element_type=\"widget\" data-e-type=\"widget\" data-widget_type=\"heading.default\">\n\t\t\t\t<div class=\"elementor-widget-container\">\n\t\t\t\t\t<h2 class=\"elementor-heading-title elementor-size-default\">COOKIE SETTINGS - MANAGE COOKIE PREFERENCES<\/h2>\t\t\t\t<\/div>\n\t\t\t\t<\/div>\n\t\t\t\t<div class=\"elementor-element elementor-element-653b98f elementor-widget elementor-widget-text-editor\" data-id=\"653b98f\" data-element_type=\"widget\" data-e-type=\"widget\" data-widget_type=\"text-editor.default\">\n\t\t\t\t<div class=\"elementor-widget-container\">\n\t\t\t\t\t\t\t\t\t<p>You can change your cookie preferences at any time by clicking the button above. This will allow you to revisit the cookie consent banner and change your preferences or withdraw your consent immediately.<\/p><p>In addition to this, different browsers offer different methods to block and delete cookies used by websites. You can change your browser settings to block\/delete cookies. Below are links to support documents on how to manage and delete cookies in the most commonly used browsers.<\/p><ul><li>Chrome: <a href=\"https:\/\/support.google.com\/accounts\/answer\/32050\">https:\/\/support.google.com\/accounts\/answer\/32050<\/a><\/li><li>Safari: <a href=\"https:\/\/support.apple.com\/en-in\/guide\/safari\/sfri11471\/mac\">https:\/\/support.apple.com\/en-in\/guide\/safari\/sfri11471\/mac<\/a><\/li><li>Firefox: <a href=\"https:\/\/support.mozilla.org\/en-US\/kb\/clear-cookies-and-site-data-firefox?redirectslug=delete-cookies-remove-info-websites-stored&amp;redirectlocale=en-US\">https:\/\/support.mozilla.org\/en-US\/kb\/clear-cookies-and-site-data-firefox?redirectslug=delete-cookies-remove-info-websites-stored&amp;redirectlocale=en-US<\/a><\/li><li>Internet Explorer: <a href=\"https:\/\/support.microsoft.com\/en-us\/topic\/how-to-delete-cookie-files-in-internet-explorer-bca9446f-d873-78de-77ba-d42645fa52fc\">https:\/\/support.microsoft.com\/en-us\/topic\/how-to-delete-cookie-files-in-internet-explorer-bca9446f-d873-78de-77ba-d42645fa52fc<\/a><\/li><\/ul><p>If you are using another web browser, visit your browser's official support documents.<\/p>\t\t\t\t\t\t\t\t<\/div>\n\t\t\t\t<\/div>\n\t\t\t\t\t<\/div>\n\t\t\t\t<\/div>\n\t\t<div class=\"elementor-element elementor-element-addc1e6 e-flex e-con-boxed e-con e-parent\" data-id=\"addc1e6\" data-element_type=\"container\" data-e-type=\"container\">\n\t\t\t\t\t<div class=\"e-con-inner\">\n\t\t\t\t<div class=\"elementor-element elementor-element-3725d0c elementor-widget elementor-widget-heading\" data-id=\"3725d0c\" data-element_type=\"widget\" data-e-type=\"widget\" data-widget_type=\"heading.default\">\n\t\t\t\t<div class=\"elementor-widget-container\">\n\t\t\t\t\t<h2 class=\"elementor-heading-title elementor-size-default\">General Disclaimer:<\/h2>\t\t\t\t<\/div>\n\t\t\t\t<\/div>\n\t\t\t\t<div class=\"elementor-element elementor-element-f4a3a0d elementor-widget elementor-widget-text-editor\" data-id=\"f4a3a0d\" data-element_type=\"widget\" data-e-type=\"widget\" data-widget_type=\"text-editor.default\">\n\t\t\t\t<div class=\"elementor-widget-container\">\n\t\t\t\t\t\t\t\t\t<p>All information contained on this website is subject to change without notice. Certain information contained on this website constitutes \u201cforward-looking statements,\u201d which can be identified by the use of forward-looking terminology such as \u201cmay,\u201d \u201cwill,\u201d \u201cshould,\u201d \u201cexpect,\u201d \u201canticipate,\u201d \u201ctarget,\u201d \u201cproject.\u201d \u201d, \u201cestimate\u201d, \u201cintend\u201d, \u201ccontinue\u201d or \u201cbelieve\u201d, or the denials thereof or any other variation or comparable terminology. Due to various risks and uncertainties, actual events, results or actual performance of any investments may differ materially from those reflected or contemplated in such forward-looking statements.<br \/><br \/><\/p>\t\t\t\t\t\t\t\t<\/div>\n\t\t\t\t<\/div>\n\t\t\t\t<div class=\"elementor-element elementor-element-af0bc41 elementor-widget elementor-widget-text-editor\" data-id=\"af0bc41\" data-element_type=\"widget\" data-e-type=\"widget\" data-widget_type=\"text-editor.default\">\n\t\t\t\t<div class=\"elementor-widget-container\">\n\t\t\t\t\t\t\t\t\t<p>Although Almenara uses reasonable efforts to obtain information from reliable sources, no independent verification of such material or other sources has been performed. No representation or warranty, express or implied, is made as to the accuracy, completeness or results obtained from any information posted on this website or any third party linked to this site. Neither we nor our information sources will be responsible for any errors or inaccuracies on this website, for the lack of currency of any information, or for any delay or interruption in the transmission of information to the user.<\/p><p>We expressly disclaim any obligation or duty to update or correct the information contained on this website. Furthermore, we do not grant any license or authorization for you to use this website in any way that suggests that we promote or endorse any third party causes, ideas, political campaigns, political opinions, websites, products or services.<br \/>Las referencias en este sitio web a cualquier nombre, marca, producto o servicio de terceros que puedan o no estar afiliados con Almenara, o los hiperv\u00ednculos a sitios de terceros o informaci\u00f3n o contenido proporcionado por terceros, se proporcionan \u00fanicamente como conveniencia para usted y de ninguna manera constituyen o implican nuestro respaldo, patrocinio o recomendaci\u00f3n del tercero, su informaci\u00f3n, materiales o servicios.<\/p><p>Almenara no realiza ninguna representaci\u00f3n ni garantiza, y no patrocina ni respalda, ning\u00fan sitio web vinculado ni la informaci\u00f3n o los materiales que aparezcan en ellos, o los productos o servicios descritos en ellos.<\/p><p>Adem\u00e1s, cualquier opini\u00f3n, declaraci\u00f3n, servicio, oferta u otra informaci\u00f3n o contenido expresado o puesto a disposici\u00f3n por cualquier tercero en cualquier sitio web vinculado desde este sitio son de los respectivos autores o distribuidores y no de Almenara.<\/p><p>Los v\u00ednculos a contenido de terceros o las referencias a terceros no implican que Almenara est\u00e9 afiliado o asociado con, o que cualquier sitio vinculado est\u00e9 autorizado para usar cualquier marca registrada, nombre comercial, logotipo o derecho de autor de Almenara.<\/p>\t\t\t\t\t\t\t\t<\/div>\n\t\t\t\t<\/div>\n\t\t\t\t\t<\/div>\n\t\t\t\t<\/div>\n\t\t\t\t<\/div>","protected":false},"excerpt":{"rendered":"<p>Pol\u00edtica de Cookies \u00bfQU\u00c9 SON LAS COOKIES? Esta Pol\u00edtica de Cookies explica qu\u00e9 son las cookies y c\u00f3mo las usamos, [&hellip;]<\/p>\n","protected":false},"author":1,"featured_media":0,"parent":0,"menu_order":0,"comment_status":"closed","ping_status":"closed","template":"","meta":{"site-sidebar-layout":"no-sidebar","site-content-layout":"","ast-site-content-layout":"full-width-container","site-content-style":"default","site-sidebar-style":"default","ast-global-header-display":"","ast-banner-title-visibility":"","ast-main-header-display":"","ast-hfb-above-header-display":"","ast-hfb-below-header-display":"","ast-hfb-mobile-header-display":"","site-post-title":"disabled","ast-breadcrumbs-content":"","ast-featured-img":"disabled","footer-sml-layout":"","ast-disable-related-posts":"","theme-transparent-header-meta":"","adv-header-id-meta":"","stick-header-meta":"","header-above-stick-meta":"","header-main-stick-meta":"","header-below-stick-meta":"","astra-migrate-meta-layouts":"default","ast-page-background-enabled":"default","ast-page-background-meta":{"desktop":{"background-color":"var(--ast-global-color-5)","background-image":"","background-repeat":"repeat","background-position":"center center","background-size":"auto","background-attachment":"scroll","background-type":"","background-media":"","overlay-type":"","overlay-color":"","overlay-opacity":"","overlay-gradient":""},"tablet":{"background-color":"","background-image":"","background-repeat":"repeat","background-position":"center center","background-size":"auto","background-attachment":"scroll","background-type":"","background-media":"","overlay-type":"","overlay-color":"","overlay-opacity":"","overlay-gradient":""},"mobile":{"background-color":"","background-image":"","background-repeat":"repeat","background-position":"center center","background-size":"auto","background-attachment":"scroll","background-type":"","background-media":"","overlay-type":"","overlay-color":"","overlay-opacity":"","overlay-gradient":""}},"ast-content-background-meta":{"desktop":{"background-color":"var(--ast-global-color-4)","background-image":"","background-repeat":"repeat","background-position":"center center","background-size":"auto","background-attachment":"scroll","background-type":"","background-media":"","overlay-type":"","overlay-color":"","overlay-opacity":"","overlay-gradient":""},"tablet":{"background-color":"var(--ast-global-color-4)","background-image":"","background-repeat":"repeat","background-position":"center center","background-size":"auto","background-attachment":"scroll","background-type":"","background-media":"","overlay-type":"","overlay-color":"","overlay-opacity":"","overlay-gradient":""},"mobile":{"background-color":"var(--ast-global-color-4)","background-image":"","background-repeat":"repeat","background-position":"center center","background-size":"auto","background-attachment":"scroll","background-type":"","background-media":"","overlay-type":"","overlay-color":"","overlay-opacity":"","overlay-gradient":""}},"footnotes":""},"class_list":["post-219","page","type-page","status-publish","hentry"],"yoast_head":"<!-- This site is optimized with the Yoast SEO plugin v27.2 - https:\/\/yoast.com\/product\/yoast-seo-wordpress\/ -->\n<title>Cookies - Almenara Empresas<\/title>\n<meta name=\"description\" content=\"Esta Pol\u00edtica de Cookies explica qu\u00e9 son las cookies y c\u00f3mo las usamos, los tipos de cookies que utilizamos, la informaci\u00f3n que recopilamos.\" \/>\n<meta name=\"robots\" content=\"index, follow, max-snippet:-1, max-image-preview:large, max-video-preview:-1\" \/>\n<link rel=\"canonical\" href=\"https:\/\/almenaraempresas.es\/en_us\/cookies\/\" \/>\n<meta property=\"og:locale\" content=\"en_US\" \/>\n<meta property=\"og:type\" content=\"article\" \/>\n<meta property=\"og:title\" content=\"Cookies - Almenara Empresas\" \/>\n<meta property=\"og:description\" content=\"Esta Pol\u00edtica de Cookies explica qu\u00e9 son las cookies y c\u00f3mo las usamos, los tipos de cookies que utilizamos, la informaci\u00f3n que recopilamos.\" \/>\n<meta property=\"og:url\" content=\"https:\/\/almenaraempresas.es\/en_us\/cookies\/\" \/>\n<meta property=\"og:site_name\" content=\"Almenara Empresas\" \/>\n<meta property=\"article:modified_time\" content=\"2025-11-17T11:02:41+00:00\" \/>\n<meta property=\"og:image\" content=\"https:\/\/almenaraempresas.es\/wp-content\/uploads\/2025\/01\/cropped-color.png\" \/>\n\t<meta property=\"og:image:width\" content=\"367\" \/>\n\t<meta property=\"og:image:height\" content=\"231\" \/>\n\t<meta property=\"og:image:type\" content=\"image\/png\" \/>\n<meta name=\"twitter:card\" content=\"summary_large_image\" \/>\n<meta name=\"twitter:label1\" content=\"Est. reading time\" \/>\n\t<meta name=\"twitter:data1\" content=\"4 minutes\" \/>\n<script type=\"application\/ld+json\" class=\"yoast-schema-graph\">{\"@context\":\"https:\/\/schema.org\",\"@graph\":[{\"@type\":\"WebPage\",\"@id\":\"https:\/\/almenaraempresas.es\/cookies\/\",\"url\":\"https:\/\/almenaraempresas.es\/cookies\/\",\"name\":\"Cookies - Almenara Empresas\",\"isPartOf\":{\"@id\":\"https:\/\/almenaraempresas.es\/#website\"},\"datePublished\":\"2025-01-09T11:00:52+00:00\",\"dateModified\":\"2025-11-17T11:02:41+00:00\",\"description\":\"Esta Pol\u00edtica de Cookies explica qu\u00e9 son las cookies y c\u00f3mo las usamos, los tipos de cookies que utilizamos, la informaci\u00f3n que recopilamos.\",\"breadcrumb\":{\"@id\":\"https:\/\/almenaraempresas.es\/cookies\/#breadcrumb\"},\"inLanguage\":\"en-US\",\"potentialAction\":[{\"@type\":\"ReadAction\",\"target\":[\"https:\/\/almenaraempresas.es\/cookies\/\"]}]},{\"@type\":\"BreadcrumbList\",\"@id\":\"https:\/\/almenaraempresas.es\/cookies\/#breadcrumb\",\"itemListElement\":[{\"@type\":\"ListItem\",\"position\":1,\"name\":\"Portada\",\"item\":\"https:\/\/almenaraempresas.es\/\"},{\"@type\":\"ListItem\",\"position\":2,\"name\":\"Cookies\"}]},{\"@type\":\"WebSite\",\"@id\":\"https:\/\/almenaraempresas.es\/#website\",\"url\":\"https:\/\/almenaraempresas.es\/\",\"name\":\"Almenara Empresas\",\"description\":\"Almena Empresas - Tu departamento financiero, profesional e independiente\",\"publisher\":{\"@id\":\"https:\/\/almenaraempresas.es\/#organization\"},\"alternateName\":\"Almenara\",\"potentialAction\":[{\"@type\":\"SearchAction\",\"target\":{\"@type\":\"EntryPoint\",\"urlTemplate\":\"https:\/\/almenaraempresas.es\/?s={search_term_string}\"},\"query-input\":{\"@type\":\"PropertyValueSpecification\",\"valueRequired\":true,\"valueName\":\"search_term_string\"}}],\"inLanguage\":\"en-US\"},{\"@type\":\"Organization\",\"@id\":\"https:\/\/almenaraempresas.es\/#organization\",\"name\":\"Almenara Empresas\",\"alternateName\":\"Almenara Empresas - Tu departamento financiero, profesional e independiente\",\"url\":\"https:\/\/almenaraempresas.es\/\",\"logo\":{\"@type\":\"ImageObject\",\"inLanguage\":\"en-US\",\"@id\":\"https:\/\/almenaraempresas.es\/#\/schema\/logo\/image\/\",\"url\":\"https:\/\/almenaraempresas.es\/wp-content\/uploads\/2025\/01\/cropped-color.png\",\"contentUrl\":\"https:\/\/almenaraempresas.es\/wp-content\/uploads\/2025\/01\/cropped-color.png\",\"width\":367,\"height\":231,\"caption\":\"Almenara Empresas\"},\"image\":{\"@id\":\"https:\/\/almenaraempresas.es\/#\/schema\/logo\/image\/\"}}]}<\/script>\n<!-- \/ Yoast SEO plugin. -->","yoast_head_json":{"title":"Cookies - Almenara Empresas","description":"Esta Pol\u00edtica de Cookies explica qu\u00e9 son las cookies y c\u00f3mo las usamos, los tipos de cookies que utilizamos, la informaci\u00f3n que recopilamos.","robots":{"index":"index","follow":"follow","max-snippet":"max-snippet:-1","max-image-preview":"max-image-preview:large","max-video-preview":"max-video-preview:-1"},"canonical":"https:\/\/almenaraempresas.es\/en_us\/cookies\/","og_locale":"en_US","og_type":"article","og_title":"Cookies - Almenara Empresas","og_description":"Esta Pol\u00edtica de Cookies explica qu\u00e9 son las cookies y c\u00f3mo las usamos, los tipos de cookies que utilizamos, la informaci\u00f3n que recopilamos.","og_url":"https:\/\/almenaraempresas.es\/en_us\/cookies\/","og_site_name":"Almenara Empresas","article_modified_time":"2025-11-17T11:02:41+00:00","og_image":[{"width":367,"height":231,"url":"https:\/\/almenaraempresas.es\/wp-content\/uploads\/2025\/01\/cropped-color.png","type":"image\/png"}],"twitter_card":"summary_large_image","twitter_misc":{"Est. reading time":"4 minutes"},"schema":{"@context":"https:\/\/schema.org","@graph":[{"@type":"WebPage","@id":"https:\/\/almenaraempresas.es\/cookies\/","url":"https:\/\/almenaraempresas.es\/cookies\/","name":"Cookies - Almenara Empresas","isPartOf":{"@id":"https:\/\/almenaraempresas.es\/#website"},"datePublished":"2025-01-09T11:00:52+00:00","dateModified":"2025-11-17T11:02:41+00:00","description":"Esta Pol\u00edtica de Cookies explica qu\u00e9 son las cookies y c\u00f3mo las usamos, los tipos de cookies que utilizamos, la informaci\u00f3n que recopilamos.","breadcrumb":{"@id":"https:\/\/almenaraempresas.es\/cookies\/#breadcrumb"},"inLanguage":"en-US","potentialAction":[{"@type":"ReadAction","target":["https:\/\/almenaraempresas.es\/cookies\/"]}]},{"@type":"BreadcrumbList","@id":"https:\/\/almenaraempresas.es\/cookies\/#breadcrumb","itemListElement":[{"@type":"ListItem","position":1,"name":"Portada","item":"https:\/\/almenaraempresas.es\/"},{"@type":"ListItem","position":2,"name":"Cookies"}]},{"@type":"WebSite","@id":"https:\/\/almenaraempresas.es\/#website","url":"https:\/\/almenaraempresas.es\/","name":"Almenara Empresas","description":"Almena Empresas - Tu departamento financiero, profesional e independiente","publisher":{"@id":"https:\/\/almenaraempresas.es\/#organization"},"alternateName":"Almenara","potentialAction":[{"@type":"SearchAction","target":{"@type":"EntryPoint","urlTemplate":"https:\/\/almenaraempresas.es\/?s={search_term_string}"},"query-input":{"@type":"PropertyValueSpecification","valueRequired":true,"valueName":"search_term_string"}}],"inLanguage":"en-US"},{"@type":"Organization","@id":"https:\/\/almenaraempresas.es\/#organization","name":"Almenara Empresas","alternateName":"Almenara Empresas - Tu departamento financiero, profesional e independiente","url":"https:\/\/almenaraempresas.es\/","logo":{"@type":"ImageObject","inLanguage":"en-US","@id":"https:\/\/almenaraempresas.es\/#\/schema\/logo\/image\/","url":"https:\/\/almenaraempresas.es\/wp-content\/uploads\/2025\/01\/cropped-color.png","contentUrl":"https:\/\/almenaraempresas.es\/wp-content\/uploads\/2025\/01\/cropped-color.png","width":367,"height":231,"caption":"Almenara Empresas"},"image":{"@id":"https:\/\/almenaraempresas.es\/#\/schema\/logo\/image\/"}}]}},"_links":{"self":[{"href":"https:\/\/almenaraempresas.es\/en_us\/wp-json\/wp\/v2\/pages\/219","targetHints":{"allow":["GET"]}}],"collection":[{"href":"https:\/\/almenaraempresas.es\/en_us\/wp-json\/wp\/v2\/pages"}],"about":[{"href":"https:\/\/almenaraempresas.es\/en_us\/wp-json\/wp\/v2\/types\/page"}],"author":[{"embeddable":true,"href":"https:\/\/almenaraempresas.es\/en_us\/wp-json\/wp\/v2\/users\/1"}],"replies":[{"embeddable":true,"href":"https:\/\/almenaraempresas.es\/en_us\/wp-json\/wp\/v2\/comments?post=219"}],"version-history":[{"count":16,"href":"https:\/\/almenaraempresas.es\/en_us\/wp-json\/wp\/v2\/pages\/219\/revisions"}],"predecessor-version":[{"id":1231,"href":"https:\/\/almenaraempresas.es\/en_us\/wp-json\/wp\/v2\/pages\/219\/revisions\/1231"}],"wp:attachment":[{"href":"https:\/\/almenaraempresas.es\/en_us\/wp-json\/wp\/v2\/media?parent=219"}],"curies":[{"name":"wp","href":"https:\/\/api.w.org\/{rel}","templated":true}]}}