{"id":464,"date":"2025-01-14T11:19:09","date_gmt":"2025-01-14T10:19:09","guid":{"rendered":"https:\/\/almenaraempresas.es\/?page_id=464"},"modified":"2025-12-19T13:16:53","modified_gmt":"2025-12-19T12:16:53","slug":"sobre-nosotros","status":"publish","type":"page","link":"https:\/\/almenaraempresas.es\/en_us\/sobre-nosotros\/","title":{"rendered":"About us"},"content":{"rendered":"<div data-elementor-type=\"wp-page\" data-elementor-id=\"464\" class=\"elementor elementor-464\">\n\t\t\t\t<div class=\"elementor-element elementor-element-0a39e3e e-con-full e-flex e-con e-parent\" data-id=\"0a39e3e\" data-element_type=\"container\" data-e-type=\"container\">\n\t\t\t\t<div class=\"elementor-element elementor-element-1cb20c6 elementor-widget elementor-widget-heading\" data-id=\"1cb20c6\" data-element_type=\"widget\" data-e-type=\"widget\" data-widget_type=\"heading.default\">\n\t\t\t\t<div class=\"elementor-widget-container\">\n\t\t\t\t\t<h2 class=\"elementor-heading-title elementor-size-default\">About us<\/h2>\t\t\t\t<\/div>\n\t\t\t\t<\/div>\n\t\t\t\t<div class=\"elementor-element elementor-element-d51f852 elementor-widget elementor-widget-heading\" data-id=\"d51f852\" data-element_type=\"widget\" data-e-type=\"widget\" data-widget_type=\"heading.default\">\n\t\t\t\t<div class=\"elementor-widget-container\">\n\t\t\t\t\t<div class=\"elementor-heading-title elementor-size-default\">Trust and Experience at Your Service<\/div>\t\t\t\t<\/div>\n\t\t\t\t<\/div>\n\t\t\t\t<\/div>\n\t\t<div class=\"elementor-element elementor-element-49cc2dc e-flex e-con-boxed e-con e-parent\" data-id=\"49cc2dc\" data-element_type=\"container\" data-e-type=\"container\">\n\t\t\t\t\t<div class=\"e-con-inner\">\n\t\t\t\t<div class=\"elementor-element elementor-element-289bca7 elementor-widget elementor-widget-heading\" data-id=\"289bca7\" data-element_type=\"widget\" data-e-type=\"widget\" data-widget_type=\"heading.default\">\n\t\t\t\t<div class=\"elementor-widget-container\">\n\t\t\t\t\t<h2 class=\"elementor-heading-title elementor-size-default\">The Importance of Quality Financial Information<\/h2>\t\t\t\t<\/div>\n\t\t\t\t<\/div>\n\t\t\t\t\t<\/div>\n\t\t\t\t<\/div>\n\t\t<div class=\"elementor-element elementor-element-9d17486 e-flex e-con-boxed e-con e-parent\" data-id=\"9d17486\" data-element_type=\"container\" data-e-type=\"container\">\n\t\t\t\t\t<div class=\"e-con-inner\">\n\t\t<div class=\"elementor-element elementor-element-88f9891 e-con-full e-flex e-con e-child\" data-id=\"88f9891\" data-element_type=\"container\" data-e-type=\"container\" data-settings=\"{&quot;background_background&quot;:&quot;classic&quot;}\">\n\t\t\t\t<\/div>\n\t\t<div class=\"elementor-element elementor-element-c0e6a9a e-con-full e-flex e-con e-child\" data-id=\"c0e6a9a\" data-element_type=\"container\" data-e-type=\"container\" data-settings=\"{&quot;background_background&quot;:&quot;classic&quot;}\">\n\t\t\t\t<div class=\"elementor-element elementor-element-723fc0a elementor-widget elementor-widget-text-editor\" data-id=\"723fc0a\" data-element_type=\"widget\" data-e-type=\"widget\" data-widget_type=\"text-editor.default\">\n\t\t\t\t<div class=\"elementor-widget-container\">\n\t\t\t\t\t\t\t\t\t<p>At Almenara Empresas, we firmly believe that clear and accurate financial information is the cornerstone of any strategic decision. For over 20 years, we have been the trusted partner of companies striving for sustainable growth.<\/p><p>We serve as your independent financial department, providing high-quality financial insights that empower you to make informed decisions and focus on scaling your business.<\/p>\t\t\t\t\t\t\t\t<\/div>\n\t\t\t\t<\/div>\n\t\t\t\t<\/div>\n\t\t\t\t\t<\/div>\n\t\t\t\t<\/div>\n\t\t<div class=\"elementor-element elementor-element-88b36e1 e-flex e-con-boxed e-con e-parent\" data-id=\"88b36e1\" data-element_type=\"container\" data-e-type=\"container\">\n\t\t\t\t\t<div class=\"e-con-inner\">\n\t\t\t\t<div class=\"elementor-element elementor-element-a1011b2 elementor-widget elementor-widget-text-editor\" data-id=\"a1011b2\" data-element_type=\"widget\" data-e-type=\"widget\" data-widget_type=\"text-editor.default\">\n\t\t\t\t<div class=\"elementor-widget-container\">\n\t\t\t\t\t\t\t\t\t<p>Almenara Empresas is your reliable and independent financial partner.<\/p><p>We are dedicated to the long-term profitability and sustainability of your company, allowing you to devote more time to what truly matters.<\/p>\t\t\t\t\t\t\t\t<\/div>\n\t\t\t\t<\/div>\n\t\t\t\t\t<\/div>\n\t\t\t\t<\/div>\n\t\t<div class=\"elementor-element elementor-element-13e3d41 e-flex e-con-boxed e-con e-parent\" data-id=\"13e3d41\" data-element_type=\"container\" data-e-type=\"container\">\n\t\t\t\t\t<div class=\"e-con-inner\">\n\t\t<div class=\"elementor-element elementor-element-196c0dc e-con-full e-flex e-con e-child\" data-id=\"196c0dc\" data-element_type=\"container\" data-e-type=\"container\">\n\t\t\t\t<div class=\"elementor-element elementor-element-13a7e83 elementor-widget elementor-widget-heading\" data-id=\"13a7e83\" data-element_type=\"widget\" data-e-type=\"widget\" data-widget_type=\"heading.default\">\n\t\t\t\t<div class=\"elementor-widget-container\">\n\t\t\t\t\t<h2 class=\"elementor-heading-title elementor-size-default\">ALMENARA EMPRESAS \u2013 YOUR CFO<\/h2>\t\t\t\t<\/div>\n\t\t\t\t<\/div>\n\t\t\t\t<div class=\"elementor-element elementor-element-b1afd92 elementor-widget elementor-widget-heading\" data-id=\"b1afd92\" data-element_type=\"widget\" data-e-type=\"widget\" data-widget_type=\"heading.default\">\n\t\t\t\t<div class=\"elementor-widget-container\">\n\t\t\t\t\t<h2 class=\"elementor-heading-title elementor-size-default\">Your Time and Effort, Focused on What Really Matters<\/h2>\t\t\t\t<\/div>\n\t\t\t\t<\/div>\n\t\t\t\t<div class=\"elementor-element elementor-element-e120fbd elementor-widget elementor-widget-text-editor\" data-id=\"e120fbd\" data-element_type=\"widget\" data-e-type=\"widget\" data-widget_type=\"text-editor.default\">\n\t\t\t\t<div class=\"elementor-widget-container\">\n\t\t\t\t\t\t\t\t\t<p>At Almenara Empresas, we take on the administrative, accounting, and labor-related responsibilities, as well as compliance with public administration requirements\u2014just like the financial department of a large corporation.<\/p>\t\t\t\t\t\t\t\t<\/div>\n\t\t\t\t<\/div>\n\t\t\t\t<div class=\"elementor-element elementor-element-38cd3d9 elementor-widget elementor-widget-text-editor\" data-id=\"38cd3d9\" data-element_type=\"widget\" data-e-type=\"widget\" data-widget_type=\"text-editor.default\">\n\t\t\t\t<div class=\"elementor-widget-container\">\n\t\t\t\t\t\t\t\t\t<p>Our mission is to enable management to concentrate on business operations and strategic growth, while we handle the administration and customize business management solutions. In doing so, we actively contribute to the profitability and sustainability of your organization.<\/p>\t\t\t\t\t\t\t\t<\/div>\n\t\t\t\t<\/div>\n\t\t\t\t<\/div>\n\t\t<div class=\"elementor-element elementor-element-0ce02fa e-con-full e-flex e-con e-child\" data-id=\"0ce02fa\" data-element_type=\"container\" data-e-type=\"container\" data-settings=\"{&quot;background_background&quot;:&quot;classic&quot;}\">\n\t\t\t\t<\/div>\n\t\t\t\t\t<\/div>\n\t\t\t\t<\/div>\n\t\t<div class=\"elementor-element elementor-element-ab3ac3b e-flex e-con-boxed e-con e-parent\" data-id=\"ab3ac3b\" data-element_type=\"container\" data-e-type=\"container\" data-settings=\"{&quot;background_background&quot;:&quot;classic&quot;}\">\n\t\t\t\t\t<div class=\"e-con-inner\">\n\t\t<div class=\"elementor-element elementor-element-d562932 e-con-full e-flex e-con e-child\" data-id=\"d562932\" data-element_type=\"container\" data-e-type=\"container\">\n\t\t\t\t<div class=\"elementor-element elementor-element-827723f elementor-widget elementor-widget-image\" data-id=\"827723f\" data-element_type=\"widget\" data-e-type=\"widget\" data-widget_type=\"image.default\">\n\t\t\t\t<div class=\"elementor-widget-container\">\n\t\t\t\t\t\t\t\t\t\t\t\t\t\t\t<img fetchpriority=\"high\" decoding=\"async\" width=\"1024\" height=\"576\" src=\"https:\/\/almenaraempresas.es\/wp-content\/uploads\/2025\/03\/Logo-PRTR-dos-lineas_COLOR-1024x576.png\" class=\"attachment-large size-large wp-image-1177\" alt=\"\" srcset=\"https:\/\/almenaraempresas.es\/wp-content\/uploads\/2025\/03\/Logo-PRTR-dos-lineas_COLOR-1024x576.png 1024w, https:\/\/almenaraempresas.es\/wp-content\/uploads\/2025\/03\/Logo-PRTR-dos-lineas_COLOR-300x169.png 300w, https:\/\/almenaraempresas.es\/wp-content\/uploads\/2025\/03\/Logo-PRTR-dos-lineas_COLOR-768x432.png 768w, https:\/\/almenaraempresas.es\/wp-content\/uploads\/2025\/03\/Logo-PRTR-dos-lineas_COLOR-1536x864.png 1536w, https:\/\/almenaraempresas.es\/wp-content\/uploads\/2025\/03\/Logo-PRTR-dos-lineas_COLOR-18x10.png 18w, https:\/\/almenaraempresas.es\/wp-content\/uploads\/2025\/03\/Logo-PRTR-dos-lineas_COLOR.png 1920w\" sizes=\"(max-width: 1024px) 100vw, 1024px\" \/>\t\t\t\t\t\t\t\t\t\t\t\t\t\t\t<\/div>\n\t\t\t\t<\/div>\n\t\t\t\t<\/div>\n\t\t<div class=\"elementor-element elementor-element-3f477cd e-con-full e-flex e-con e-child\" data-id=\"3f477cd\" data-element_type=\"container\" data-e-type=\"container\">\n\t\t\t\t<div class=\"elementor-element elementor-element-a71b6a3 elementor-widget elementor-widget-image\" data-id=\"a71b6a3\" data-element_type=\"widget\" data-e-type=\"widget\" data-widget_type=\"image.default\">\n\t\t\t\t<div class=\"elementor-widget-container\">\n\t\t\t\t\t\t\t\t\t\t\t\t\t\t\t<img decoding=\"async\" width=\"1024\" height=\"249\" src=\"https:\/\/almenaraempresas.es\/wp-content\/uploads\/2025\/03\/ES_FundedbytheEU_RGB_POS-1024x249.png\" class=\"attachment-large size-large wp-image-1180\" alt=\"\" srcset=\"https:\/\/almenaraempresas.es\/wp-content\/uploads\/2025\/03\/ES_FundedbytheEU_RGB_POS-1024x249.png 1024w, https:\/\/almenaraempresas.es\/wp-content\/uploads\/2025\/03\/ES_FundedbytheEU_RGB_POS-300x73.png 300w, https:\/\/almenaraempresas.es\/wp-content\/uploads\/2025\/03\/ES_FundedbytheEU_RGB_POS-768x187.png 768w, https:\/\/almenaraempresas.es\/wp-content\/uploads\/2025\/03\/ES_FundedbytheEU_RGB_POS-1536x373.png 1536w, https:\/\/almenaraempresas.es\/wp-content\/uploads\/2025\/03\/ES_FundedbytheEU_RGB_POS-2048x498.png 2048w, https:\/\/almenaraempresas.es\/wp-content\/uploads\/2025\/03\/ES_FundedbytheEU_RGB_POS-18x4.png 18w\" sizes=\"(max-width: 1024px) 100vw, 1024px\" \/>\t\t\t\t\t\t\t\t\t\t\t\t\t\t\t<\/div>\n\t\t\t\t<\/div>\n\t\t\t\t<\/div>\n\t\t<div class=\"elementor-element elementor-element-3c0f034 e-con-full e-flex e-con e-child\" data-id=\"3c0f034\" data-element_type=\"container\" data-e-type=\"container\">\n\t\t\t\t<div class=\"elementor-element elementor-element-ff34c8c elementor-widget elementor-widget-heading\" data-id=\"ff34c8c\" data-element_type=\"widget\" data-e-type=\"widget\" data-widget_type=\"heading.default\">\n\t\t\t\t<div class=\"elementor-widget-container\">\n\t\t\t\t\t<h2 class=\"elementor-heading-title elementor-size-default\">FINANCIADO POR LA UNI\u00d3N EUROPEA - NEXTGENERATIONEU<\/h2>\t\t\t\t<\/div>\n\t\t\t\t<\/div>\n\t\t\t\t<\/div>\n\t\t\t\t\t<\/div>\n\t\t\t\t<\/div>\n\t\t\t\t<\/div>","protected":false},"excerpt":{"rendered":"<p>Sobre Nosotros Confianza y experiencia a tu servicio La importancia de una informaci\u00f3n financiera de calidad En Almenara Empresas, creemos [&hellip;]<\/p>\n","protected":false},"author":1,"featured_media":0,"parent":0,"menu_order":0,"comment_status":"closed","ping_status":"closed","template":"","meta":{"site-sidebar-layout":"no-sidebar","site-content-layout":"","ast-site-content-layout":"full-width-container","site-content-style":"default","site-sidebar-style":"default","ast-global-header-display":"","ast-banner-title-visibility":"","ast-main-header-display":"","ast-hfb-above-header-display":"","ast-hfb-below-header-display":"","ast-hfb-mobile-header-display":"","site-post-title":"disabled","ast-breadcrumbs-content":"","ast-featured-img":"disabled","footer-sml-layout":"","ast-disable-related-posts":"","theme-transparent-header-meta":"","adv-header-id-meta":"","stick-header-meta":"","header-above-stick-meta":"","header-main-stick-meta":"","header-below-stick-meta":"","astra-migrate-meta-layouts":"default","ast-page-background-enabled":"default","ast-page-background-meta":{"desktop":{"background-color":"var(--ast-global-color-5)","background-image":"","background-repeat":"repeat","background-position":"center center","background-size":"auto","background-attachment":"scroll","background-type":"","background-media":"","overlay-type":"","overlay-color":"","overlay-opacity":"","overlay-gradient":""},"tablet":{"background-color":"","background-image":"","background-repeat":"repeat","background-position":"center center","background-size":"auto","background-attachment":"scroll","background-type":"","background-media":"","overlay-type":"","overlay-color":"","overlay-opacity":"","overlay-gradient":""},"mobile":{"background-color":"","background-image":"","background-repeat":"repeat","background-position":"center center","background-size":"auto","background-attachment":"scroll","background-type":"","background-media":"","overlay-type":"","overlay-color":"","overlay-opacity":"","overlay-gradient":""}},"ast-content-background-meta":{"desktop":{"background-color":"var(--ast-global-color-4)","background-image":"","background-repeat":"repeat","background-position":"center center","background-size":"auto","background-attachment":"scroll","background-type":"","background-media":"","overlay-type":"","overlay-color":"","overlay-opacity":"","overlay-gradient":""},"tablet":{"background-color":"var(--ast-global-color-4)","background-image":"","background-repeat":"repeat","background-position":"center center","background-size":"auto","background-attachment":"scroll","background-type":"","background-media":"","overlay-type":"","overlay-color":"","overlay-opacity":"","overlay-gradient":""},"mobile":{"background-color":"var(--ast-global-color-4)","background-image":"","background-repeat":"repeat","background-position":"center center","background-size":"auto","background-attachment":"scroll","background-type":"","background-media":"","overlay-type":"","overlay-color":"","overlay-opacity":"","overlay-gradient":""}},"footnotes":""},"class_list":["post-464","page","type-page","status-publish","hentry"],"yoast_head":"<!-- This site is optimized with the Yoast SEO plugin v27.2 - https:\/\/yoast.com\/product\/yoast-seo-wordpress\/ -->\n<title>Sobre Nosotros - Almenara Empresas<\/title>\n<meta name=\"description\" content=\"En Almenara Empresas, creemos que una informaci\u00f3n financiera clara y precisa es la base de cualquier decisi\u00f3n estrat\u00e9gica\" \/>\n<meta name=\"robots\" content=\"index, follow, max-snippet:-1, max-image-preview:large, max-video-preview:-1\" \/>\n<link rel=\"canonical\" href=\"https:\/\/almenaraempresas.es\/en_us\/sobre-nosotros\/\" \/>\n<meta property=\"og:locale\" content=\"en_US\" \/>\n<meta property=\"og:type\" content=\"article\" \/>\n<meta property=\"og:title\" content=\"Sobre Nosotros - Almenara Empresas\" \/>\n<meta property=\"og:description\" content=\"En Almenara Empresas, creemos que una informaci\u00f3n financiera clara y precisa es la base de cualquier decisi\u00f3n estrat\u00e9gica\" \/>\n<meta property=\"og:url\" content=\"https:\/\/almenaraempresas.es\/en_us\/sobre-nosotros\/\" \/>\n<meta property=\"og:site_name\" content=\"Almenara Empresas\" \/>\n<meta property=\"article:modified_time\" content=\"2025-12-19T12:16:53+00:00\" \/>\n<meta property=\"og:image\" content=\"http:\/\/almenaraempresas.es\/wp-content\/uploads\/2025\/03\/Logo-PRTR-dos-lineas_COLOR-1024x576.png\" \/>\n<meta name=\"twitter:card\" content=\"summary_large_image\" \/>\n<meta name=\"twitter:label1\" content=\"Est. reading time\" \/>\n\t<meta name=\"twitter:data1\" content=\"2 minutes\" \/>\n<script type=\"application\/ld+json\" class=\"yoast-schema-graph\">{\"@context\":\"https:\/\/schema.org\",\"@graph\":[{\"@type\":\"WebPage\",\"@id\":\"https:\/\/almenaraempresas.es\/sobre-nosotros\/\",\"url\":\"https:\/\/almenaraempresas.es\/sobre-nosotros\/\",\"name\":\"Sobre Nosotros - Almenara Empresas\",\"isPartOf\":{\"@id\":\"https:\/\/almenaraempresas.es\/#website\"},\"primaryImageOfPage\":{\"@id\":\"https:\/\/almenaraempresas.es\/sobre-nosotros\/#primaryimage\"},\"image\":{\"@id\":\"https:\/\/almenaraempresas.es\/sobre-nosotros\/#primaryimage\"},\"thumbnailUrl\":\"http:\/\/almenaraempresas.es\/wp-content\/uploads\/2025\/03\/Logo-PRTR-dos-lineas_COLOR-1024x576.png\",\"datePublished\":\"2025-01-14T10:19:09+00:00\",\"dateModified\":\"2025-12-19T12:16:53+00:00\",\"description\":\"En Almenara Empresas, creemos que una informaci\u00f3n financiera clara y precisa es la base de cualquier decisi\u00f3n estrat\u00e9gica\",\"breadcrumb\":{\"@id\":\"https:\/\/almenaraempresas.es\/sobre-nosotros\/#breadcrumb\"},\"inLanguage\":\"en-US\",\"potentialAction\":[{\"@type\":\"ReadAction\",\"target\":[\"https:\/\/almenaraempresas.es\/sobre-nosotros\/\"]}]},{\"@type\":\"ImageObject\",\"inLanguage\":\"en-US\",\"@id\":\"https:\/\/almenaraempresas.es\/sobre-nosotros\/#primaryimage\",\"url\":\"http:\/\/almenaraempresas.es\/wp-content\/uploads\/2025\/03\/Logo-PRTR-dos-lineas_COLOR-1024x576.png\",\"contentUrl\":\"http:\/\/almenaraempresas.es\/wp-content\/uploads\/2025\/03\/Logo-PRTR-dos-lineas_COLOR-1024x576.png\"},{\"@type\":\"BreadcrumbList\",\"@id\":\"https:\/\/almenaraempresas.es\/sobre-nosotros\/#breadcrumb\",\"itemListElement\":[{\"@type\":\"ListItem\",\"position\":1,\"name\":\"Portada\",\"item\":\"https:\/\/almenaraempresas.es\/\"},{\"@type\":\"ListItem\",\"position\":2,\"name\":\"Sobre Nosotros\"}]},{\"@type\":\"WebSite\",\"@id\":\"https:\/\/almenaraempresas.es\/#website\",\"url\":\"https:\/\/almenaraempresas.es\/\",\"name\":\"Almenara Empresas\",\"description\":\"Almena Empresas - Tu departamento financiero, profesional e independiente\",\"publisher\":{\"@id\":\"https:\/\/almenaraempresas.es\/#organization\"},\"alternateName\":\"Almenara\",\"potentialAction\":[{\"@type\":\"SearchAction\",\"target\":{\"@type\":\"EntryPoint\",\"urlTemplate\":\"https:\/\/almenaraempresas.es\/?s={search_term_string}\"},\"query-input\":{\"@type\":\"PropertyValueSpecification\",\"valueRequired\":true,\"valueName\":\"search_term_string\"}}],\"inLanguage\":\"en-US\"},{\"@type\":\"Organization\",\"@id\":\"https:\/\/almenaraempresas.es\/#organization\",\"name\":\"Almenara Empresas\",\"alternateName\":\"Almenara Empresas - Tu departamento financiero, profesional e independiente\",\"url\":\"https:\/\/almenaraempresas.es\/\",\"logo\":{\"@type\":\"ImageObject\",\"inLanguage\":\"en-US\",\"@id\":\"https:\/\/almenaraempresas.es\/#\/schema\/logo\/image\/\",\"url\":\"https:\/\/almenaraempresas.es\/wp-content\/uploads\/2025\/01\/cropped-color.png\",\"contentUrl\":\"https:\/\/almenaraempresas.es\/wp-content\/uploads\/2025\/01\/cropped-color.png\",\"width\":367,\"height\":231,\"caption\":\"Almenara Empresas\"},\"image\":{\"@id\":\"https:\/\/almenaraempresas.es\/#\/schema\/logo\/image\/\"}}]}<\/script>\n<!-- \/ Yoast SEO plugin. -->","yoast_head_json":{"title":"Sobre Nosotros - Almenara Empresas","description":"En Almenara Empresas, creemos que una informaci\u00f3n financiera clara y precisa es la base de cualquier decisi\u00f3n estrat\u00e9gica","robots":{"index":"index","follow":"follow","max-snippet":"max-snippet:-1","max-image-preview":"max-image-preview:large","max-video-preview":"max-video-preview:-1"},"canonical":"https:\/\/almenaraempresas.es\/en_us\/sobre-nosotros\/","og_locale":"en_US","og_type":"article","og_title":"Sobre Nosotros - Almenara Empresas","og_description":"En Almenara Empresas, creemos que una informaci\u00f3n financiera clara y precisa es la base de cualquier decisi\u00f3n estrat\u00e9gica","og_url":"https:\/\/almenaraempresas.es\/en_us\/sobre-nosotros\/","og_site_name":"Almenara Empresas","article_modified_time":"2025-12-19T12:16:53+00:00","og_image":[{"url":"http:\/\/almenaraempresas.es\/wp-content\/uploads\/2025\/03\/Logo-PRTR-dos-lineas_COLOR-1024x576.png","type":"","width":"","height":""}],"twitter_card":"summary_large_image","twitter_misc":{"Est. reading time":"2 minutes"},"schema":{"@context":"https:\/\/schema.org","@graph":[{"@type":"WebPage","@id":"https:\/\/almenaraempresas.es\/sobre-nosotros\/","url":"https:\/\/almenaraempresas.es\/sobre-nosotros\/","name":"Sobre Nosotros - Almenara Empresas","isPartOf":{"@id":"https:\/\/almenaraempresas.es\/#website"},"primaryImageOfPage":{"@id":"https:\/\/almenaraempresas.es\/sobre-nosotros\/#primaryimage"},"image":{"@id":"https:\/\/almenaraempresas.es\/sobre-nosotros\/#primaryimage"},"thumbnailUrl":"http:\/\/almenaraempresas.es\/wp-content\/uploads\/2025\/03\/Logo-PRTR-dos-lineas_COLOR-1024x576.png","datePublished":"2025-01-14T10:19:09+00:00","dateModified":"2025-12-19T12:16:53+00:00","description":"En Almenara Empresas, creemos que una informaci\u00f3n financiera clara y precisa es la base de cualquier decisi\u00f3n estrat\u00e9gica","breadcrumb":{"@id":"https:\/\/almenaraempresas.es\/sobre-nosotros\/#breadcrumb"},"inLanguage":"en-US","potentialAction":[{"@type":"ReadAction","target":["https:\/\/almenaraempresas.es\/sobre-nosotros\/"]}]},{"@type":"ImageObject","inLanguage":"en-US","@id":"https:\/\/almenaraempresas.es\/sobre-nosotros\/#primaryimage","url":"http:\/\/almenaraempresas.es\/wp-content\/uploads\/2025\/03\/Logo-PRTR-dos-lineas_COLOR-1024x576.png","contentUrl":"http:\/\/almenaraempresas.es\/wp-content\/uploads\/2025\/03\/Logo-PRTR-dos-lineas_COLOR-1024x576.png"},{"@type":"BreadcrumbList","@id":"https:\/\/almenaraempresas.es\/sobre-nosotros\/#breadcrumb","itemListElement":[{"@type":"ListItem","position":1,"name":"Portada","item":"https:\/\/almenaraempresas.es\/"},{"@type":"ListItem","position":2,"name":"Sobre Nosotros"}]},{"@type":"WebSite","@id":"https:\/\/almenaraempresas.es\/#website","url":"https:\/\/almenaraempresas.es\/","name":"Almenara Empresas","description":"Almena Empresas - Tu departamento financiero, profesional e independiente","publisher":{"@id":"https:\/\/almenaraempresas.es\/#organization"},"alternateName":"Almenara","potentialAction":[{"@type":"SearchAction","target":{"@type":"EntryPoint","urlTemplate":"https:\/\/almenaraempresas.es\/?s={search_term_string}"},"query-input":{"@type":"PropertyValueSpecification","valueRequired":true,"valueName":"search_term_string"}}],"inLanguage":"en-US"},{"@type":"Organization","@id":"https:\/\/almenaraempresas.es\/#organization","name":"Almenara Empresas","alternateName":"Almenara Empresas - Tu departamento financiero, profesional e independiente","url":"https:\/\/almenaraempresas.es\/","logo":{"@type":"ImageObject","inLanguage":"en-US","@id":"https:\/\/almenaraempresas.es\/#\/schema\/logo\/image\/","url":"https:\/\/almenaraempresas.es\/wp-content\/uploads\/2025\/01\/cropped-color.png","contentUrl":"https:\/\/almenaraempresas.es\/wp-content\/uploads\/2025\/01\/cropped-color.png","width":367,"height":231,"caption":"Almenara Empresas"},"image":{"@id":"https:\/\/almenaraempresas.es\/#\/schema\/logo\/image\/"}}]}},"_links":{"self":[{"href":"https:\/\/almenaraempresas.es\/en_us\/wp-json\/wp\/v2\/pages\/464","targetHints":{"allow":["GET"]}}],"collection":[{"href":"https:\/\/almenaraempresas.es\/en_us\/wp-json\/wp\/v2\/pages"}],"about":[{"href":"https:\/\/almenaraempresas.es\/en_us\/wp-json\/wp\/v2\/types\/page"}],"author":[{"embeddable":true,"href":"https:\/\/almenaraempresas.es\/en_us\/wp-json\/wp\/v2\/users\/1"}],"replies":[{"embeddable":true,"href":"https:\/\/almenaraempresas.es\/en_us\/wp-json\/wp\/v2\/comments?post=464"}],"version-history":[{"count":76,"href":"https:\/\/almenaraempresas.es\/en_us\/wp-json\/wp\/v2\/pages\/464\/revisions"}],"predecessor-version":[{"id":1198,"href":"https:\/\/almenaraempresas.es\/en_us\/wp-json\/wp\/v2\/pages\/464\/revisions\/1198"}],"wp:attachment":[{"href":"https:\/\/almenaraempresas.es\/en_us\/wp-json\/wp\/v2\/media?parent=464"}],"curies":[{"name":"wp","href":"https:\/\/api.w.org\/{rel}","templated":true}]}}