{"id":467,"date":"2025-01-14T11:19:41","date_gmt":"2025-01-14T10:19:41","guid":{"rendered":"https:\/\/almenaraempresas.es\/?page_id=467"},"modified":"2025-12-19T13:17:35","modified_gmt":"2025-12-19T12:17:35","slug":"gestion-contable-y-fiscal","status":"publish","type":"page","link":"https:\/\/almenaraempresas.es\/en_us\/gestion-contable-y-fiscal\/","title":{"rendered":"Accounting and Tax Management"},"content":{"rendered":"<div data-elementor-type=\"wp-page\" data-elementor-id=\"467\" class=\"elementor elementor-467\">\n\t\t\t\t<div class=\"elementor-element elementor-element-2bec254 e-con-full e-flex e-con e-parent\" data-id=\"2bec254\" data-element_type=\"container\" data-e-type=\"container\">\n\t\t\t\t<div class=\"elementor-element elementor-element-c5a7ed5 elementor-widget elementor-widget-heading\" data-id=\"c5a7ed5\" data-element_type=\"widget\" data-e-type=\"widget\" data-widget_type=\"heading.default\">\n\t\t\t\t<div class=\"elementor-widget-container\">\n\t\t\t\t\t<h2 class=\"elementor-heading-title elementor-size-default\">Accounting and Tax Management<\/h2>\t\t\t\t<\/div>\n\t\t\t\t<\/div>\n\t\t\t\t<div class=\"elementor-element elementor-element-af07d5d elementor-widget elementor-widget-heading\" data-id=\"af07d5d\" data-element_type=\"widget\" data-e-type=\"widget\" data-widget_type=\"heading.default\">\n\t\t\t\t<div class=\"elementor-widget-container\">\n\t\t\t\t\t<div class=\"elementor-heading-title elementor-size-default\">Precision and Simplicity for Your Business<\/div>\t\t\t\t<\/div>\n\t\t\t\t<\/div>\n\t\t\t\t<\/div>\n\t\t<div class=\"elementor-element elementor-element-c290bdb e-flex e-con-boxed e-con e-parent\" data-id=\"c290bdb\" data-element_type=\"container\" data-e-type=\"container\">\n\t\t\t\t\t<div class=\"e-con-inner\">\n\t\t<div class=\"elementor-element elementor-element-941232c e-con-full e-flex e-con e-child\" data-id=\"941232c\" data-element_type=\"container\" data-e-type=\"container\">\n\t\t\t\t<div class=\"elementor-element elementor-element-755b155 elementor-widget elementor-widget-heading\" data-id=\"755b155\" data-element_type=\"widget\" data-e-type=\"widget\" data-widget_type=\"heading.default\">\n\t\t\t\t<div class=\"elementor-widget-container\">\n\t\t\t\t\t<h2 class=\"elementor-heading-title elementor-size-default\">Accuracy in accounting is vital for businesses of all sizes, forming the foundation of sound financial management and ensuring compliance with legal and tax responsibilities.<\/h2>\t\t\t\t<\/div>\n\t\t\t\t<\/div>\n\t\t\t\t<div class=\"elementor-element elementor-element-27df4c4 elementor-widget elementor-widget-text-editor\" data-id=\"27df4c4\" data-element_type=\"widget\" data-e-type=\"widget\" data-widget_type=\"text-editor.default\">\n\t\t\t\t<div class=\"elementor-widget-container\">\n\t\t\t\t\t\t\t\t\t<p>At Almenara Empresas, we leverage advanced technology and state-of-the-art software to enhance communication and collaboration between our team and our clients. These tools not only streamline processes but also provide secure, real-time access to financial information.<\/p>\t\t\t\t\t\t\t\t<\/div>\n\t\t\t\t<\/div>\n\t\t\t\t<div class=\"elementor-element elementor-element-1796256 elementor-widget elementor-widget-text-editor\" data-id=\"1796256\" data-element_type=\"widget\" data-e-type=\"widget\" data-widget_type=\"text-editor.default\">\n\t\t\t\t<div class=\"elementor-widget-container\">\n\t\t\t\t\t\t\t\t\t<p>We simplify your accounting so you can concentrate on what truly matters: growing your business. From managing financial records and accounting books to preparing clear and precise reports, we handle it all using cutting-edge technology to optimize workflows.<\/p>\t\t\t\t\t\t\t\t<\/div>\n\t\t\t\t<\/div>\n\t\t\t\t<\/div>\n\t\t<div class=\"elementor-element elementor-element-52a9480 e-con-full e-flex e-con e-child\" data-id=\"52a9480\" data-element_type=\"container\" data-e-type=\"container\" data-settings=\"{&quot;background_background&quot;:&quot;classic&quot;}\">\n\t\t\t\t<\/div>\n\t\t\t\t\t<\/div>\n\t\t\t\t<\/div>\n\t\t<div class=\"elementor-element elementor-element-450db5e e-flex e-con-boxed e-con e-parent\" data-id=\"450db5e\" data-element_type=\"container\" data-e-type=\"container\">\n\t\t\t\t\t<div class=\"e-con-inner\">\n\t\t<div class=\"elementor-element elementor-element-1666f80 e-con-full e-flex e-con e-child\" data-id=\"1666f80\" data-element_type=\"container\" data-e-type=\"container\" data-settings=\"{&quot;background_background&quot;:&quot;classic&quot;}\">\n\t\t\t\t<\/div>\n\t\t<div class=\"elementor-element elementor-element-bdffc17 e-con-full e-flex e-con e-child\" data-id=\"bdffc17\" data-element_type=\"container\" data-e-type=\"container\">\n\t\t\t\t<div class=\"elementor-element elementor-element-da4dea4 elementor-widget elementor-widget-heading\" data-id=\"da4dea4\" data-element_type=\"widget\" data-e-type=\"widget\" data-widget_type=\"heading.default\">\n\t\t\t\t<div class=\"elementor-widget-container\">\n\t\t\t\t\t<h2 class=\"elementor-heading-title elementor-size-default\">Effortless Tax Compliance<\/h2>\t\t\t\t<\/div>\n\t\t\t\t<\/div>\n\t\t\t\t<div class=\"elementor-element elementor-element-b97e9fb elementor-widget elementor-widget-text-editor\" data-id=\"b97e9fb\" data-element_type=\"widget\" data-e-type=\"widget\" data-widget_type=\"text-editor.default\">\n\t\t\t\t<div class=\"elementor-widget-container\">\n\t\t\t\t\t\t\t\t\t<p>Ensure full compliance with your tax obligations, hassle-free. We optimize your tax burden and provide comprehensive support to guarantee regulatory adherence. Our digital platforms make it easier to file and monitor your tax requirements efficiently.<\/p>\t\t\t\t\t\t\t\t<\/div>\n\t\t\t\t<\/div>\n\t\t\t\t<div class=\"elementor-element elementor-element-acfee19 elementor-widget elementor-widget-text-editor\" data-id=\"acfee19\" data-element_type=\"widget\" data-e-type=\"widget\" data-widget_type=\"text-editor.default\">\n\t\t\t\t<div class=\"elementor-widget-container\">\n\t\t\t\t\t\t\t\t\t<p>Our mission is to simplify your accounting processes and tax responsibilities. With the assurance of compliance with current regulations, you can focus on driving the growth and success of your business.<\/p>\t\t\t\t\t\t\t\t<\/div>\n\t\t\t\t<\/div>\n\t\t\t\t<\/div>\n\t\t\t\t\t<\/div>\n\t\t\t\t<\/div>\n\t\t<div class=\"elementor-element elementor-element-6d0e699 e-flex e-con-boxed e-con e-parent\" data-id=\"6d0e699\" data-element_type=\"container\" data-e-type=\"container\" data-settings=\"{&quot;background_background&quot;:&quot;classic&quot;}\">\n\t\t\t\t\t<div class=\"e-con-inner\">\n\t\t<div class=\"elementor-element elementor-element-ddf32dc e-con-full e-flex e-con e-child\" data-id=\"ddf32dc\" data-element_type=\"container\" data-e-type=\"container\">\n\t\t\t\t<div class=\"elementor-element elementor-element-ccd8fcf elementor-widget elementor-widget-image\" data-id=\"ccd8fcf\" data-element_type=\"widget\" data-e-type=\"widget\" data-widget_type=\"image.default\">\n\t\t\t\t<div class=\"elementor-widget-container\">\n\t\t\t\t\t\t\t\t\t\t\t\t\t\t\t<img fetchpriority=\"high\" decoding=\"async\" width=\"1024\" height=\"576\" src=\"https:\/\/almenaraempresas.es\/wp-content\/uploads\/2025\/03\/Logo-PRTR-dos-lineas_COLOR-1024x576.png\" class=\"attachment-large size-large wp-image-1177\" alt=\"\" srcset=\"https:\/\/almenaraempresas.es\/wp-content\/uploads\/2025\/03\/Logo-PRTR-dos-lineas_COLOR-1024x576.png 1024w, https:\/\/almenaraempresas.es\/wp-content\/uploads\/2025\/03\/Logo-PRTR-dos-lineas_COLOR-300x169.png 300w, https:\/\/almenaraempresas.es\/wp-content\/uploads\/2025\/03\/Logo-PRTR-dos-lineas_COLOR-768x432.png 768w, https:\/\/almenaraempresas.es\/wp-content\/uploads\/2025\/03\/Logo-PRTR-dos-lineas_COLOR-1536x864.png 1536w, https:\/\/almenaraempresas.es\/wp-content\/uploads\/2025\/03\/Logo-PRTR-dos-lineas_COLOR-18x10.png 18w, https:\/\/almenaraempresas.es\/wp-content\/uploads\/2025\/03\/Logo-PRTR-dos-lineas_COLOR.png 1920w\" sizes=\"(max-width: 1024px) 100vw, 1024px\" \/>\t\t\t\t\t\t\t\t\t\t\t\t\t\t\t<\/div>\n\t\t\t\t<\/div>\n\t\t\t\t<\/div>\n\t\t<div class=\"elementor-element elementor-element-f1343bc e-con-full e-flex e-con e-child\" data-id=\"f1343bc\" data-element_type=\"container\" data-e-type=\"container\">\n\t\t\t\t<div class=\"elementor-element elementor-element-6d0060a elementor-widget elementor-widget-image\" data-id=\"6d0060a\" data-element_type=\"widget\" data-e-type=\"widget\" data-widget_type=\"image.default\">\n\t\t\t\t<div class=\"elementor-widget-container\">\n\t\t\t\t\t\t\t\t\t\t\t\t\t\t\t<img decoding=\"async\" width=\"1024\" height=\"249\" src=\"https:\/\/almenaraempresas.es\/wp-content\/uploads\/2025\/03\/ES_FundedbytheEU_RGB_POS-1024x249.png\" class=\"attachment-large size-large wp-image-1180\" alt=\"\" srcset=\"https:\/\/almenaraempresas.es\/wp-content\/uploads\/2025\/03\/ES_FundedbytheEU_RGB_POS-1024x249.png 1024w, https:\/\/almenaraempresas.es\/wp-content\/uploads\/2025\/03\/ES_FundedbytheEU_RGB_POS-300x73.png 300w, https:\/\/almenaraempresas.es\/wp-content\/uploads\/2025\/03\/ES_FundedbytheEU_RGB_POS-768x187.png 768w, https:\/\/almenaraempresas.es\/wp-content\/uploads\/2025\/03\/ES_FundedbytheEU_RGB_POS-1536x373.png 1536w, https:\/\/almenaraempresas.es\/wp-content\/uploads\/2025\/03\/ES_FundedbytheEU_RGB_POS-2048x498.png 2048w, https:\/\/almenaraempresas.es\/wp-content\/uploads\/2025\/03\/ES_FundedbytheEU_RGB_POS-18x4.png 18w\" sizes=\"(max-width: 1024px) 100vw, 1024px\" \/>\t\t\t\t\t\t\t\t\t\t\t\t\t\t\t<\/div>\n\t\t\t\t<\/div>\n\t\t\t\t<\/div>\n\t\t<div class=\"elementor-element elementor-element-b4015a5 e-con-full e-flex e-con e-child\" data-id=\"b4015a5\" data-element_type=\"container\" data-e-type=\"container\">\n\t\t\t\t<div class=\"elementor-element elementor-element-e0bc1c7 elementor-widget elementor-widget-heading\" data-id=\"e0bc1c7\" data-element_type=\"widget\" data-e-type=\"widget\" data-widget_type=\"heading.default\">\n\t\t\t\t<div class=\"elementor-widget-container\">\n\t\t\t\t\t<h2 class=\"elementor-heading-title elementor-size-default\">FINANCIADO POR LA UNI\u00d3N EUROPEA - NEXTGENERATIONEU<\/h2>\t\t\t\t<\/div>\n\t\t\t\t<\/div>\n\t\t\t\t<\/div>\n\t\t\t\t\t<\/div>\n\t\t\t\t<\/div>\n\t\t\t\t<\/div>","protected":false},"excerpt":{"rendered":"<p>Gesti\u00f3n Contable y Fiscal Soluciones integrales para la gesti\u00f3n de tu empresa La precisi\u00f3n en la contabilidad es esencial para [&hellip;]<\/p>\n","protected":false},"author":1,"featured_media":0,"parent":0,"menu_order":0,"comment_status":"closed","ping_status":"closed","template":"","meta":{"site-sidebar-layout":"no-sidebar","site-content-layout":"","ast-site-content-layout":"full-width-container","site-content-style":"default","site-sidebar-style":"default","ast-global-header-display":"","ast-banner-title-visibility":"","ast-main-header-display":"","ast-hfb-above-header-display":"","ast-hfb-below-header-display":"","ast-hfb-mobile-header-display":"","site-post-title":"disabled","ast-breadcrumbs-content":"","ast-featured-img":"disabled","footer-sml-layout":"","ast-disable-related-posts":"","theme-transparent-header-meta":"","adv-header-id-meta":"","stick-header-meta":"","header-above-stick-meta":"","header-main-stick-meta":"","header-below-stick-meta":"","astra-migrate-meta-layouts":"default","ast-page-background-enabled":"default","ast-page-background-meta":{"desktop":{"background-color":"var(--ast-global-color-5)","background-image":"","background-repeat":"repeat","background-position":"center center","background-size":"auto","background-attachment":"scroll","background-type":"","background-media":"","overlay-type":"","overlay-color":"","overlay-opacity":"","overlay-gradient":""},"tablet":{"background-color":"","background-image":"","background-repeat":"repeat","background-position":"center center","background-size":"auto","background-attachment":"scroll","background-type":"","background-media":"","overlay-type":"","overlay-color":"","overlay-opacity":"","overlay-gradient":""},"mobile":{"background-color":"","background-image":"","background-repeat":"repeat","background-position":"center center","background-size":"auto","background-attachment":"scroll","background-type":"","background-media":"","overlay-type":"","overlay-color":"","overlay-opacity":"","overlay-gradient":""}},"ast-content-background-meta":{"desktop":{"background-color":"var(--ast-global-color-4)","background-image":"","background-repeat":"repeat","background-position":"center center","background-size":"auto","background-attachment":"scroll","background-type":"","background-media":"","overlay-type":"","overlay-color":"","overlay-opacity":"","overlay-gradient":""},"tablet":{"background-color":"var(--ast-global-color-4)","background-image":"","background-repeat":"repeat","background-position":"center center","background-size":"auto","background-attachment":"scroll","background-type":"","background-media":"","overlay-type":"","overlay-color":"","overlay-opacity":"","overlay-gradient":""},"mobile":{"background-color":"var(--ast-global-color-4)","background-image":"","background-repeat":"repeat","background-position":"center center","background-size":"auto","background-attachment":"scroll","background-type":"","background-media":"","overlay-type":"","overlay-color":"","overlay-opacity":"","overlay-gradient":""}},"footnotes":""},"class_list":["post-467","page","type-page","status-publish","hentry"],"yoast_head":"<!-- This site is optimized with the Yoast SEO plugin v27.2 - https:\/\/yoast.com\/product\/yoast-seo-wordpress\/ -->\n<title>Gesti\u00f3n Contable y Fiscal - Almenara Empresas<\/title>\n<meta name=\"description\" content=\"En Almenara Empresas, incorporamos tecnolog\u00eda avanzada y software para facilitar la comunicaci\u00f3n y el trabajo colaborativo\" \/>\n<meta name=\"robots\" content=\"index, follow, max-snippet:-1, max-image-preview:large, max-video-preview:-1\" \/>\n<link rel=\"canonical\" href=\"https:\/\/almenaraempresas.es\/en_us\/gestion-contable-y-fiscal\/\" \/>\n<meta property=\"og:locale\" content=\"en_US\" \/>\n<meta property=\"og:type\" content=\"article\" \/>\n<meta property=\"og:title\" content=\"Gesti\u00f3n Contable y Fiscal - Almenara Empresas\" \/>\n<meta property=\"og:description\" content=\"En Almenara Empresas, incorporamos tecnolog\u00eda avanzada y software para facilitar la comunicaci\u00f3n y el trabajo colaborativo\" \/>\n<meta property=\"og:url\" content=\"https:\/\/almenaraempresas.es\/en_us\/gestion-contable-y-fiscal\/\" \/>\n<meta property=\"og:site_name\" content=\"Almenara Empresas\" \/>\n<meta property=\"article:modified_time\" content=\"2025-12-19T12:17:35+00:00\" \/>\n<meta property=\"og:image\" content=\"http:\/\/almenaraempresas.es\/wp-content\/uploads\/2025\/03\/Logo-PRTR-dos-lineas_COLOR-1024x576.png\" \/>\n<meta name=\"twitter:card\" content=\"summary_large_image\" \/>\n<meta name=\"twitter:label1\" content=\"Est. reading time\" \/>\n\t<meta name=\"twitter:data1\" content=\"2 minutes\" \/>\n<script type=\"application\/ld+json\" class=\"yoast-schema-graph\">{\"@context\":\"https:\/\/schema.org\",\"@graph\":[{\"@type\":\"WebPage\",\"@id\":\"https:\/\/almenaraempresas.es\/gestion-contable-y-fiscal\/\",\"url\":\"https:\/\/almenaraempresas.es\/gestion-contable-y-fiscal\/\",\"name\":\"Gesti\u00f3n Contable y Fiscal - Almenara Empresas\",\"isPartOf\":{\"@id\":\"https:\/\/almenaraempresas.es\/#website\"},\"primaryImageOfPage\":{\"@id\":\"https:\/\/almenaraempresas.es\/gestion-contable-y-fiscal\/#primaryimage\"},\"image\":{\"@id\":\"https:\/\/almenaraempresas.es\/gestion-contable-y-fiscal\/#primaryimage\"},\"thumbnailUrl\":\"http:\/\/almenaraempresas.es\/wp-content\/uploads\/2025\/03\/Logo-PRTR-dos-lineas_COLOR-1024x576.png\",\"datePublished\":\"2025-01-14T10:19:41+00:00\",\"dateModified\":\"2025-12-19T12:17:35+00:00\",\"description\":\"En Almenara Empresas, incorporamos tecnolog\u00eda avanzada y software para facilitar la comunicaci\u00f3n y el trabajo colaborativo\",\"breadcrumb\":{\"@id\":\"https:\/\/almenaraempresas.es\/gestion-contable-y-fiscal\/#breadcrumb\"},\"inLanguage\":\"en-US\",\"potentialAction\":[{\"@type\":\"ReadAction\",\"target\":[\"https:\/\/almenaraempresas.es\/gestion-contable-y-fiscal\/\"]}]},{\"@type\":\"ImageObject\",\"inLanguage\":\"en-US\",\"@id\":\"https:\/\/almenaraempresas.es\/gestion-contable-y-fiscal\/#primaryimage\",\"url\":\"http:\/\/almenaraempresas.es\/wp-content\/uploads\/2025\/03\/Logo-PRTR-dos-lineas_COLOR-1024x576.png\",\"contentUrl\":\"http:\/\/almenaraempresas.es\/wp-content\/uploads\/2025\/03\/Logo-PRTR-dos-lineas_COLOR-1024x576.png\"},{\"@type\":\"BreadcrumbList\",\"@id\":\"https:\/\/almenaraempresas.es\/gestion-contable-y-fiscal\/#breadcrumb\",\"itemListElement\":[{\"@type\":\"ListItem\",\"position\":1,\"name\":\"Portada\",\"item\":\"https:\/\/almenaraempresas.es\/\"},{\"@type\":\"ListItem\",\"position\":2,\"name\":\"Gesti\u00f3n Contable y Fiscal\"}]},{\"@type\":\"WebSite\",\"@id\":\"https:\/\/almenaraempresas.es\/#website\",\"url\":\"https:\/\/almenaraempresas.es\/\",\"name\":\"Almenara Empresas\",\"description\":\"Almena Empresas - Tu departamento financiero, profesional e independiente\",\"publisher\":{\"@id\":\"https:\/\/almenaraempresas.es\/#organization\"},\"alternateName\":\"Almenara\",\"potentialAction\":[{\"@type\":\"SearchAction\",\"target\":{\"@type\":\"EntryPoint\",\"urlTemplate\":\"https:\/\/almenaraempresas.es\/?s={search_term_string}\"},\"query-input\":{\"@type\":\"PropertyValueSpecification\",\"valueRequired\":true,\"valueName\":\"search_term_string\"}}],\"inLanguage\":\"en-US\"},{\"@type\":\"Organization\",\"@id\":\"https:\/\/almenaraempresas.es\/#organization\",\"name\":\"Almenara Empresas\",\"alternateName\":\"Almenara Empresas - Tu departamento financiero, profesional e independiente\",\"url\":\"https:\/\/almenaraempresas.es\/\",\"logo\":{\"@type\":\"ImageObject\",\"inLanguage\":\"en-US\",\"@id\":\"https:\/\/almenaraempresas.es\/#\/schema\/logo\/image\/\",\"url\":\"https:\/\/almenaraempresas.es\/wp-content\/uploads\/2025\/01\/cropped-color.png\",\"contentUrl\":\"https:\/\/almenaraempresas.es\/wp-content\/uploads\/2025\/01\/cropped-color.png\",\"width\":367,\"height\":231,\"caption\":\"Almenara Empresas\"},\"image\":{\"@id\":\"https:\/\/almenaraempresas.es\/#\/schema\/logo\/image\/\"}}]}<\/script>\n<!-- \/ Yoast SEO plugin. -->","yoast_head_json":{"title":"Gesti\u00f3n Contable y Fiscal - Almenara Empresas","description":"En Almenara Empresas, incorporamos tecnolog\u00eda avanzada y software para facilitar la comunicaci\u00f3n y el trabajo colaborativo","robots":{"index":"index","follow":"follow","max-snippet":"max-snippet:-1","max-image-preview":"max-image-preview:large","max-video-preview":"max-video-preview:-1"},"canonical":"https:\/\/almenaraempresas.es\/en_us\/gestion-contable-y-fiscal\/","og_locale":"en_US","og_type":"article","og_title":"Gesti\u00f3n Contable y Fiscal - Almenara Empresas","og_description":"En Almenara Empresas, incorporamos tecnolog\u00eda avanzada y software para facilitar la comunicaci\u00f3n y el trabajo colaborativo","og_url":"https:\/\/almenaraempresas.es\/en_us\/gestion-contable-y-fiscal\/","og_site_name":"Almenara Empresas","article_modified_time":"2025-12-19T12:17:35+00:00","og_image":[{"url":"http:\/\/almenaraempresas.es\/wp-content\/uploads\/2025\/03\/Logo-PRTR-dos-lineas_COLOR-1024x576.png","type":"","width":"","height":""}],"twitter_card":"summary_large_image","twitter_misc":{"Est. reading time":"2 minutes"},"schema":{"@context":"https:\/\/schema.org","@graph":[{"@type":"WebPage","@id":"https:\/\/almenaraempresas.es\/gestion-contable-y-fiscal\/","url":"https:\/\/almenaraempresas.es\/gestion-contable-y-fiscal\/","name":"Gesti\u00f3n Contable y Fiscal - Almenara Empresas","isPartOf":{"@id":"https:\/\/almenaraempresas.es\/#website"},"primaryImageOfPage":{"@id":"https:\/\/almenaraempresas.es\/gestion-contable-y-fiscal\/#primaryimage"},"image":{"@id":"https:\/\/almenaraempresas.es\/gestion-contable-y-fiscal\/#primaryimage"},"thumbnailUrl":"http:\/\/almenaraempresas.es\/wp-content\/uploads\/2025\/03\/Logo-PRTR-dos-lineas_COLOR-1024x576.png","datePublished":"2025-01-14T10:19:41+00:00","dateModified":"2025-12-19T12:17:35+00:00","description":"En Almenara Empresas, incorporamos tecnolog\u00eda avanzada y software para facilitar la comunicaci\u00f3n y el trabajo colaborativo","breadcrumb":{"@id":"https:\/\/almenaraempresas.es\/gestion-contable-y-fiscal\/#breadcrumb"},"inLanguage":"en-US","potentialAction":[{"@type":"ReadAction","target":["https:\/\/almenaraempresas.es\/gestion-contable-y-fiscal\/"]}]},{"@type":"ImageObject","inLanguage":"en-US","@id":"https:\/\/almenaraempresas.es\/gestion-contable-y-fiscal\/#primaryimage","url":"http:\/\/almenaraempresas.es\/wp-content\/uploads\/2025\/03\/Logo-PRTR-dos-lineas_COLOR-1024x576.png","contentUrl":"http:\/\/almenaraempresas.es\/wp-content\/uploads\/2025\/03\/Logo-PRTR-dos-lineas_COLOR-1024x576.png"},{"@type":"BreadcrumbList","@id":"https:\/\/almenaraempresas.es\/gestion-contable-y-fiscal\/#breadcrumb","itemListElement":[{"@type":"ListItem","position":1,"name":"Portada","item":"https:\/\/almenaraempresas.es\/"},{"@type":"ListItem","position":2,"name":"Gesti\u00f3n Contable y Fiscal"}]},{"@type":"WebSite","@id":"https:\/\/almenaraempresas.es\/#website","url":"https:\/\/almenaraempresas.es\/","name":"Almenara Empresas","description":"Almena Empresas - Tu departamento financiero, profesional e independiente","publisher":{"@id":"https:\/\/almenaraempresas.es\/#organization"},"alternateName":"Almenara","potentialAction":[{"@type":"SearchAction","target":{"@type":"EntryPoint","urlTemplate":"https:\/\/almenaraempresas.es\/?s={search_term_string}"},"query-input":{"@type":"PropertyValueSpecification","valueRequired":true,"valueName":"search_term_string"}}],"inLanguage":"en-US"},{"@type":"Organization","@id":"https:\/\/almenaraempresas.es\/#organization","name":"Almenara Empresas","alternateName":"Almenara Empresas - Tu departamento financiero, profesional e independiente","url":"https:\/\/almenaraempresas.es\/","logo":{"@type":"ImageObject","inLanguage":"en-US","@id":"https:\/\/almenaraempresas.es\/#\/schema\/logo\/image\/","url":"https:\/\/almenaraempresas.es\/wp-content\/uploads\/2025\/01\/cropped-color.png","contentUrl":"https:\/\/almenaraempresas.es\/wp-content\/uploads\/2025\/01\/cropped-color.png","width":367,"height":231,"caption":"Almenara Empresas"},"image":{"@id":"https:\/\/almenaraempresas.es\/#\/schema\/logo\/image\/"}}]}},"_links":{"self":[{"href":"https:\/\/almenaraempresas.es\/en_us\/wp-json\/wp\/v2\/pages\/467","targetHints":{"allow":["GET"]}}],"collection":[{"href":"https:\/\/almenaraempresas.es\/en_us\/wp-json\/wp\/v2\/pages"}],"about":[{"href":"https:\/\/almenaraempresas.es\/en_us\/wp-json\/wp\/v2\/types\/page"}],"author":[{"embeddable":true,"href":"https:\/\/almenaraempresas.es\/en_us\/wp-json\/wp\/v2\/users\/1"}],"replies":[{"embeddable":true,"href":"https:\/\/almenaraempresas.es\/en_us\/wp-json\/wp\/v2\/comments?post=467"}],"version-history":[{"count":64,"href":"https:\/\/almenaraempresas.es\/en_us\/wp-json\/wp\/v2\/pages\/467\/revisions"}],"predecessor-version":[{"id":1201,"href":"https:\/\/almenaraempresas.es\/en_us\/wp-json\/wp\/v2\/pages\/467\/revisions\/1201"}],"wp:attachment":[{"href":"https:\/\/almenaraempresas.es\/en_us\/wp-json\/wp\/v2\/media?parent=467"}],"curies":[{"name":"wp","href":"https:\/\/api.w.org\/{rel}","templated":true}]}}