{"id":526,"date":"2025-01-14T11:56:53","date_gmt":"2025-01-14T10:56:53","guid":{"rendered":"https:\/\/almenaraempresas.es\/?page_id=526"},"modified":"2025-12-19T13:18:20","modified_gmt":"2025-12-19T12:18:20","slug":"gestion-socio-laboral","status":"publish","type":"page","link":"https:\/\/almenaraempresas.es\/en_us\/gestion-socio-laboral\/","title":{"rendered":"Labor and Employment Management"},"content":{"rendered":"<div data-elementor-type=\"wp-page\" data-elementor-id=\"526\" class=\"elementor elementor-526\">\n\t\t\t\t<div class=\"elementor-element elementor-element-770e960 e-con-full e-flex e-con e-parent\" data-id=\"770e960\" data-element_type=\"container\" data-e-type=\"container\">\n\t\t\t\t<div class=\"elementor-element elementor-element-6fb9a94 elementor-widget elementor-widget-heading\" data-id=\"6fb9a94\" data-element_type=\"widget\" data-e-type=\"widget\" data-widget_type=\"heading.default\">\n\t\t\t\t<div class=\"elementor-widget-container\">\n\t\t\t\t\t<h2 class=\"elementor-heading-title elementor-size-default\">Labor and Employment Management<\/h2>\t\t\t\t<\/div>\n\t\t\t\t<\/div>\n\t\t\t\t<div class=\"elementor-element elementor-element-8f97c36 elementor-widget elementor-widget-heading\" data-id=\"8f97c36\" data-element_type=\"widget\" data-e-type=\"widget\" data-widget_type=\"heading.default\">\n\t\t\t\t<div class=\"elementor-widget-container\">\n\t\t\t\t\t<div class=\"elementor-heading-title elementor-size-default\">Efficient and Professional Management of Your Workforce<\/div>\t\t\t\t<\/div>\n\t\t\t\t<\/div>\n\t\t\t\t<\/div>\n\t\t<div class=\"elementor-element elementor-element-8e4956d e-flex e-con-boxed e-con e-parent\" data-id=\"8e4956d\" data-element_type=\"container\" data-e-type=\"container\" data-settings=\"{&quot;background_background&quot;:&quot;classic&quot;}\">\n\t\t\t\t\t<div class=\"e-con-inner\">\n\t\t\t\t<div class=\"elementor-element elementor-element-b0099d1 elementor-widget elementor-widget-heading\" data-id=\"b0099d1\" data-element_type=\"widget\" data-e-type=\"widget\" data-widget_type=\"heading.default\">\n\t\t\t\t<div class=\"elementor-widget-container\">\n\t\t\t\t\t<h2 class=\"elementor-heading-title elementor-size-default\">Trust us to manage your team<\/h2>\t\t\t\t<\/div>\n\t\t\t\t<\/div>\n\t\t\t\t\t<\/div>\n\t\t\t\t<\/div>\n\t\t<div class=\"elementor-element elementor-element-3956c9b e-flex e-con-boxed e-con e-parent\" data-id=\"3956c9b\" data-element_type=\"container\" data-e-type=\"container\">\n\t\t\t\t\t<div class=\"e-con-inner\">\n\t\t<div class=\"elementor-element elementor-element-a666a66 e-con-full e-flex e-con e-child\" data-id=\"a666a66\" data-element_type=\"container\" data-e-type=\"container\" data-settings=\"{&quot;background_background&quot;:&quot;classic&quot;}\">\n\t\t\t\t<div class=\"elementor-element elementor-element-afdec1f elementor-widget elementor-widget-image\" data-id=\"afdec1f\" data-element_type=\"widget\" data-e-type=\"widget\" data-widget_type=\"image.default\">\n\t\t\t\t<div class=\"elementor-widget-container\">\n\t\t\t\t\t\t\t\t\t\t\t\t\t\t\t<img fetchpriority=\"high\" decoding=\"async\" width=\"1024\" height=\"683\" src=\"https:\/\/almenaraempresas.es\/wp-content\/uploads\/2025\/01\/comprimida5-1024x683.jpg\" class=\"attachment-large size-large wp-image-580\" alt=\"\" srcset=\"https:\/\/almenaraempresas.es\/wp-content\/uploads\/2025\/01\/comprimida5-1024x683.jpg 1024w, https:\/\/almenaraempresas.es\/wp-content\/uploads\/2025\/01\/comprimida5-300x200.jpg 300w, https:\/\/almenaraempresas.es\/wp-content\/uploads\/2025\/01\/comprimida5-768x512.jpg 768w, https:\/\/almenaraempresas.es\/wp-content\/uploads\/2025\/01\/comprimida5-1536x1024.jpg 1536w, https:\/\/almenaraempresas.es\/wp-content\/uploads\/2025\/01\/comprimida5-2048x1365.jpg 2048w, https:\/\/almenaraempresas.es\/wp-content\/uploads\/2025\/01\/comprimida5-18x12.jpg 18w\" sizes=\"(max-width: 1024px) 100vw, 1024px\" \/>\t\t\t\t\t\t\t\t\t\t\t\t\t\t\t<\/div>\n\t\t\t\t<\/div>\n\t\t\t\t<\/div>\n\t\t<div class=\"elementor-element elementor-element-ec059ee e-con-full e-flex e-con e-child\" data-id=\"ec059ee\" data-element_type=\"container\" data-e-type=\"container\">\n\t\t\t\t<div class=\"elementor-element elementor-element-dbd6575 elementor-widget elementor-widget-text-editor\" data-id=\"dbd6575\" data-element_type=\"widget\" data-e-type=\"widget\" data-widget_type=\"text-editor.default\">\n\t\t\t\t<div class=\"elementor-widget-container\">\n\t\t\t\t\t\t\t\t\t<p>At <b>Almenara Empresas<\/b> we handle the preparation and drafting of employment contracts for your employees across all contract types. We also manage the registration and deregistration processes with Social Security, ensuring full compliance with current regulations.<\/p><p>We take care of payroll preparation and calculation, providing detailed summaries and breakdowns of labor costs. Additionally, we generate payment orders with all necessary recipient details, amounts, and bank information, ensuring a smooth and precise process.<\/p>\t\t\t\t\t\t\t\t<\/div>\n\t\t\t\t<\/div>\n\t\t\t\t<\/div>\n\t\t\t\t\t<\/div>\n\t\t\t\t<\/div>\n\t\t<div class=\"elementor-element elementor-element-f4cb366 e-flex e-con-boxed e-con e-parent\" data-id=\"f4cb366\" data-element_type=\"container\" data-e-type=\"container\" data-settings=\"{&quot;background_background&quot;:&quot;classic&quot;}\">\n\t\t\t\t\t<div class=\"e-con-inner\">\n\t\t\t\t<div class=\"elementor-element elementor-element-384d38f elementor-widget elementor-widget-heading\" data-id=\"384d38f\" data-element_type=\"widget\" data-e-type=\"widget\" data-widget_type=\"heading.default\">\n\t\t\t\t<div class=\"elementor-widget-container\">\n\t\t\t\t\t<h2 class=\"elementor-heading-title elementor-size-default\">Hassle-Free Legal Compliance<\/h2>\t\t\t\t<\/div>\n\t\t\t\t<\/div>\n\t\t\t\t\t<\/div>\n\t\t\t\t<\/div>\n\t\t<div class=\"elementor-element elementor-element-81da8e4 e-flex e-con-boxed e-con e-parent\" data-id=\"81da8e4\" data-element_type=\"container\" data-e-type=\"container\">\n\t\t\t\t\t<div class=\"e-con-inner\">\n\t\t<div class=\"elementor-element elementor-element-984a0f1 e-con-full e-flex e-con e-child\" data-id=\"984a0f1\" data-element_type=\"container\" data-e-type=\"container\" data-settings=\"{&quot;background_background&quot;:&quot;classic&quot;}\">\n\t\t\t\t<div class=\"elementor-element elementor-element-eb2643e elementor-widget elementor-widget-image\" data-id=\"eb2643e\" data-element_type=\"widget\" data-e-type=\"widget\" data-widget_type=\"image.default\">\n\t\t\t\t<div class=\"elementor-widget-container\">\n\t\t\t\t\t\t\t\t\t\t\t\t\t\t\t<img decoding=\"async\" width=\"1024\" height=\"683\" src=\"https:\/\/almenaraempresas.es\/wp-content\/uploads\/2025\/01\/comprimida10-1024x683.jpg\" class=\"attachment-large size-large wp-image-588\" alt=\"\" srcset=\"https:\/\/almenaraempresas.es\/wp-content\/uploads\/2025\/01\/comprimida10-1024x683.jpg 1024w, https:\/\/almenaraempresas.es\/wp-content\/uploads\/2025\/01\/comprimida10-300x200.jpg 300w, https:\/\/almenaraempresas.es\/wp-content\/uploads\/2025\/01\/comprimida10-768x512.jpg 768w, https:\/\/almenaraempresas.es\/wp-content\/uploads\/2025\/01\/comprimida10-1536x1024.jpg 1536w, https:\/\/almenaraempresas.es\/wp-content\/uploads\/2025\/01\/comprimida10-2048x1365.jpg 2048w, https:\/\/almenaraempresas.es\/wp-content\/uploads\/2025\/01\/comprimida10-18x12.jpg 18w\" sizes=\"(max-width: 1024px) 100vw, 1024px\" \/>\t\t\t\t\t\t\t\t\t\t\t\t\t\t\t<\/div>\n\t\t\t\t<\/div>\n\t\t\t\t<\/div>\n\t\t<div class=\"elementor-element elementor-element-dd741d5 e-con-full e-flex e-con e-child\" data-id=\"dd741d5\" data-element_type=\"container\" data-e-type=\"container\">\n\t\t\t\t<div class=\"elementor-element elementor-element-ee0e49b elementor-widget elementor-widget-text-editor\" data-id=\"ee0e49b\" data-element_type=\"widget\" data-e-type=\"widget\" data-widget_type=\"text-editor.default\">\n\t\t\t\t<div class=\"elementor-widget-container\">\n\t\t\t\t\t\t\t\t\t<p>At <b>Almenara Empresas<\/b> we ensure your company withholds the correct salaries for tax payments.\u00a0<\/p><p>We prepare and file employment-related tax returns, such as Form 111 (IRPF withholdings and advance payments) and Form 190 (annual summary of withholdings), so you can focus on what truly matters: growing your business.<\/p>\t\t\t\t\t\t\t\t<\/div>\n\t\t\t\t<\/div>\n\t\t\t\t<\/div>\n\t\t\t\t\t<\/div>\n\t\t\t\t<\/div>\n\t\t<div class=\"elementor-element elementor-element-2cd899e e-flex e-con-boxed e-con e-parent\" data-id=\"2cd899e\" data-element_type=\"container\" data-e-type=\"container\" data-settings=\"{&quot;background_background&quot;:&quot;classic&quot;}\">\n\t\t\t\t\t<div class=\"e-con-inner\">\n\t\t<div class=\"elementor-element elementor-element-726deec e-con-full e-flex e-con e-child\" data-id=\"726deec\" data-element_type=\"container\" data-e-type=\"container\">\n\t\t\t\t<div class=\"elementor-element elementor-element-4c51b42 elementor-widget elementor-widget-image\" data-id=\"4c51b42\" data-element_type=\"widget\" data-e-type=\"widget\" data-widget_type=\"image.default\">\n\t\t\t\t<div class=\"elementor-widget-container\">\n\t\t\t\t\t\t\t\t\t\t\t\t\t\t\t<img decoding=\"async\" width=\"1024\" height=\"576\" src=\"https:\/\/almenaraempresas.es\/wp-content\/uploads\/2025\/03\/Logo-PRTR-dos-lineas_COLOR-1024x576.png\" class=\"attachment-large size-large wp-image-1177\" alt=\"\" srcset=\"https:\/\/almenaraempresas.es\/wp-content\/uploads\/2025\/03\/Logo-PRTR-dos-lineas_COLOR-1024x576.png 1024w, https:\/\/almenaraempresas.es\/wp-content\/uploads\/2025\/03\/Logo-PRTR-dos-lineas_COLOR-300x169.png 300w, https:\/\/almenaraempresas.es\/wp-content\/uploads\/2025\/03\/Logo-PRTR-dos-lineas_COLOR-768x432.png 768w, https:\/\/almenaraempresas.es\/wp-content\/uploads\/2025\/03\/Logo-PRTR-dos-lineas_COLOR-1536x864.png 1536w, https:\/\/almenaraempresas.es\/wp-content\/uploads\/2025\/03\/Logo-PRTR-dos-lineas_COLOR-18x10.png 18w, https:\/\/almenaraempresas.es\/wp-content\/uploads\/2025\/03\/Logo-PRTR-dos-lineas_COLOR.png 1920w\" sizes=\"(max-width: 1024px) 100vw, 1024px\" \/>\t\t\t\t\t\t\t\t\t\t\t\t\t\t\t<\/div>\n\t\t\t\t<\/div>\n\t\t\t\t<\/div>\n\t\t<div class=\"elementor-element elementor-element-a66c093 e-con-full e-flex e-con e-child\" data-id=\"a66c093\" data-element_type=\"container\" data-e-type=\"container\">\n\t\t\t\t<div class=\"elementor-element elementor-element-6311611 elementor-widget elementor-widget-image\" data-id=\"6311611\" data-element_type=\"widget\" data-e-type=\"widget\" data-widget_type=\"image.default\">\n\t\t\t\t<div class=\"elementor-widget-container\">\n\t\t\t\t\t\t\t\t\t\t\t\t\t\t\t<img loading=\"lazy\" decoding=\"async\" width=\"1024\" height=\"249\" src=\"https:\/\/almenaraempresas.es\/wp-content\/uploads\/2025\/03\/ES_FundedbytheEU_RGB_POS-1024x249.png\" class=\"attachment-large size-large wp-image-1180\" alt=\"\" srcset=\"https:\/\/almenaraempresas.es\/wp-content\/uploads\/2025\/03\/ES_FundedbytheEU_RGB_POS-1024x249.png 1024w, https:\/\/almenaraempresas.es\/wp-content\/uploads\/2025\/03\/ES_FundedbytheEU_RGB_POS-300x73.png 300w, https:\/\/almenaraempresas.es\/wp-content\/uploads\/2025\/03\/ES_FundedbytheEU_RGB_POS-768x187.png 768w, https:\/\/almenaraempresas.es\/wp-content\/uploads\/2025\/03\/ES_FundedbytheEU_RGB_POS-1536x373.png 1536w, https:\/\/almenaraempresas.es\/wp-content\/uploads\/2025\/03\/ES_FundedbytheEU_RGB_POS-2048x498.png 2048w, https:\/\/almenaraempresas.es\/wp-content\/uploads\/2025\/03\/ES_FundedbytheEU_RGB_POS-18x4.png 18w\" sizes=\"(max-width: 1024px) 100vw, 1024px\" \/>\t\t\t\t\t\t\t\t\t\t\t\t\t\t\t<\/div>\n\t\t\t\t<\/div>\n\t\t\t\t<\/div>\n\t\t<div class=\"elementor-element elementor-element-f648226 e-con-full e-flex e-con e-child\" data-id=\"f648226\" data-element_type=\"container\" data-e-type=\"container\">\n\t\t\t\t<div class=\"elementor-element elementor-element-0c5cb53 elementor-widget elementor-widget-heading\" data-id=\"0c5cb53\" data-element_type=\"widget\" data-e-type=\"widget\" data-widget_type=\"heading.default\">\n\t\t\t\t<div class=\"elementor-widget-container\">\n\t\t\t\t\t<h2 class=\"elementor-heading-title elementor-size-default\">FINANCIADO POR LA UNI\u00d3N EUROPEA - NEXTGENERATIONEU<\/h2>\t\t\t\t<\/div>\n\t\t\t\t<\/div>\n\t\t\t\t<\/div>\n\t\t\t\t\t<\/div>\n\t\t\t\t<\/div>\n\t\t\t\t<\/div>","protected":false},"excerpt":{"rendered":"<p>Gesti\u00f3n Socio-Laboral Gestionamos las relaciones laborales de tu empresa de manera eficiente y profesional Conf\u00eda en nosotros para la gesti\u00f3n [&hellip;]<\/p>\n","protected":false},"author":1,"featured_media":0,"parent":0,"menu_order":0,"comment_status":"closed","ping_status":"closed","template":"","meta":{"site-sidebar-layout":"no-sidebar","site-content-layout":"","ast-site-content-layout":"full-width-container","site-content-style":"default","site-sidebar-style":"default","ast-global-header-display":"","ast-banner-title-visibility":"","ast-main-header-display":"","ast-hfb-above-header-display":"","ast-hfb-below-header-display":"","ast-hfb-mobile-header-display":"","site-post-title":"disabled","ast-breadcrumbs-content":"","ast-featured-img":"disabled","footer-sml-layout":"","ast-disable-related-posts":"","theme-transparent-header-meta":"","adv-header-id-meta":"","stick-header-meta":"","header-above-stick-meta":"","header-main-stick-meta":"","header-below-stick-meta":"","astra-migrate-meta-layouts":"default","ast-page-background-enabled":"default","ast-page-background-meta":{"desktop":{"background-color":"var(--ast-global-color-5)","background-image":"","background-repeat":"repeat","background-position":"center center","background-size":"auto","background-attachment":"scroll","background-type":"","background-media":"","overlay-type":"","overlay-color":"","overlay-opacity":"","overlay-gradient":""},"tablet":{"background-color":"","background-image":"","background-repeat":"repeat","background-position":"center center","background-size":"auto","background-attachment":"scroll","background-type":"","background-media":"","overlay-type":"","overlay-color":"","overlay-opacity":"","overlay-gradient":""},"mobile":{"background-color":"","background-image":"","background-repeat":"repeat","background-position":"center center","background-size":"auto","background-attachment":"scroll","background-type":"","background-media":"","overlay-type":"","overlay-color":"","overlay-opacity":"","overlay-gradient":""}},"ast-content-background-meta":{"desktop":{"background-color":"var(--ast-global-color-4)","background-image":"","background-repeat":"repeat","background-position":"center center","background-size":"auto","background-attachment":"scroll","background-type":"","background-media":"","overlay-type":"","overlay-color":"","overlay-opacity":"","overlay-gradient":""},"tablet":{"background-color":"var(--ast-global-color-4)","background-image":"","background-repeat":"repeat","background-position":"center center","background-size":"auto","background-attachment":"scroll","background-type":"","background-media":"","overlay-type":"","overlay-color":"","overlay-opacity":"","overlay-gradient":""},"mobile":{"background-color":"var(--ast-global-color-4)","background-image":"","background-repeat":"repeat","background-position":"center center","background-size":"auto","background-attachment":"scroll","background-type":"","background-media":"","overlay-type":"","overlay-color":"","overlay-opacity":"","overlay-gradient":""}},"footnotes":""},"class_list":["post-526","page","type-page","status-publish","hentry"],"yoast_head":"<!-- This site is optimized with the Yoast SEO plugin v27.2 - https:\/\/yoast.com\/product\/yoast-seo-wordpress\/ -->\n<title>Gesti\u00f3n Socio-Laboral - Almenara Empresas<\/title>\n<meta name=\"description\" content=\"En Almenara Empresas nos encargamos de la preparaci\u00f3n y redacci\u00f3n de contratos laborales para tus trabajadores en todas sus modalidades\" \/>\n<meta name=\"robots\" content=\"index, follow, max-snippet:-1, max-image-preview:large, max-video-preview:-1\" \/>\n<link rel=\"canonical\" href=\"https:\/\/almenaraempresas.es\/en_us\/gestion-socio-laboral\/\" \/>\n<meta property=\"og:locale\" content=\"en_US\" \/>\n<meta property=\"og:type\" content=\"article\" \/>\n<meta property=\"og:title\" content=\"Gesti\u00f3n Socio-Laboral - Almenara Empresas\" \/>\n<meta property=\"og:description\" content=\"En Almenara Empresas nos encargamos de la preparaci\u00f3n y redacci\u00f3n de contratos laborales para tus trabajadores en todas sus modalidades\" \/>\n<meta property=\"og:url\" content=\"https:\/\/almenaraempresas.es\/en_us\/gestion-socio-laboral\/\" \/>\n<meta property=\"og:site_name\" content=\"Almenara Empresas\" \/>\n<meta property=\"article:modified_time\" content=\"2025-12-19T12:18:20+00:00\" \/>\n<meta property=\"og:image\" content=\"http:\/\/almenaraempresas.es\/wp-content\/uploads\/2025\/01\/comprimida5-1024x683.jpg\" \/>\n<meta name=\"twitter:card\" content=\"summary_large_image\" \/>\n<meta name=\"twitter:label1\" content=\"Est. reading time\" \/>\n\t<meta name=\"twitter:data1\" content=\"2 minutes\" \/>\n<script type=\"application\/ld+json\" class=\"yoast-schema-graph\">{\"@context\":\"https:\/\/schema.org\",\"@graph\":[{\"@type\":\"WebPage\",\"@id\":\"https:\/\/almenaraempresas.es\/gestion-socio-laboral\/\",\"url\":\"https:\/\/almenaraempresas.es\/gestion-socio-laboral\/\",\"name\":\"Gesti\u00f3n Socio-Laboral - Almenara Empresas\",\"isPartOf\":{\"@id\":\"https:\/\/almenaraempresas.es\/#website\"},\"primaryImageOfPage\":{\"@id\":\"https:\/\/almenaraempresas.es\/gestion-socio-laboral\/#primaryimage\"},\"image\":{\"@id\":\"https:\/\/almenaraempresas.es\/gestion-socio-laboral\/#primaryimage\"},\"thumbnailUrl\":\"http:\/\/almenaraempresas.es\/wp-content\/uploads\/2025\/01\/comprimida5-1024x683.jpg\",\"datePublished\":\"2025-01-14T10:56:53+00:00\",\"dateModified\":\"2025-12-19T12:18:20+00:00\",\"description\":\"En Almenara Empresas nos encargamos de la preparaci\u00f3n y redacci\u00f3n de contratos laborales para tus trabajadores en todas sus modalidades\",\"breadcrumb\":{\"@id\":\"https:\/\/almenaraempresas.es\/gestion-socio-laboral\/#breadcrumb\"},\"inLanguage\":\"en-US\",\"potentialAction\":[{\"@type\":\"ReadAction\",\"target\":[\"https:\/\/almenaraempresas.es\/gestion-socio-laboral\/\"]}]},{\"@type\":\"ImageObject\",\"inLanguage\":\"en-US\",\"@id\":\"https:\/\/almenaraempresas.es\/gestion-socio-laboral\/#primaryimage\",\"url\":\"http:\/\/almenaraempresas.es\/wp-content\/uploads\/2025\/01\/comprimida5-1024x683.jpg\",\"contentUrl\":\"http:\/\/almenaraempresas.es\/wp-content\/uploads\/2025\/01\/comprimida5-1024x683.jpg\"},{\"@type\":\"BreadcrumbList\",\"@id\":\"https:\/\/almenaraempresas.es\/gestion-socio-laboral\/#breadcrumb\",\"itemListElement\":[{\"@type\":\"ListItem\",\"position\":1,\"name\":\"Portada\",\"item\":\"https:\/\/almenaraempresas.es\/\"},{\"@type\":\"ListItem\",\"position\":2,\"name\":\"Gesti\u00f3n Socio-Laboral\"}]},{\"@type\":\"WebSite\",\"@id\":\"https:\/\/almenaraempresas.es\/#website\",\"url\":\"https:\/\/almenaraempresas.es\/\",\"name\":\"Almenara Empresas\",\"description\":\"Almena Empresas - Tu departamento financiero, profesional e independiente\",\"publisher\":{\"@id\":\"https:\/\/almenaraempresas.es\/#organization\"},\"alternateName\":\"Almenara\",\"potentialAction\":[{\"@type\":\"SearchAction\",\"target\":{\"@type\":\"EntryPoint\",\"urlTemplate\":\"https:\/\/almenaraempresas.es\/?s={search_term_string}\"},\"query-input\":{\"@type\":\"PropertyValueSpecification\",\"valueRequired\":true,\"valueName\":\"search_term_string\"}}],\"inLanguage\":\"en-US\"},{\"@type\":\"Organization\",\"@id\":\"https:\/\/almenaraempresas.es\/#organization\",\"name\":\"Almenara Empresas\",\"alternateName\":\"Almenara Empresas - Tu departamento financiero, profesional e independiente\",\"url\":\"https:\/\/almenaraempresas.es\/\",\"logo\":{\"@type\":\"ImageObject\",\"inLanguage\":\"en-US\",\"@id\":\"https:\/\/almenaraempresas.es\/#\/schema\/logo\/image\/\",\"url\":\"https:\/\/almenaraempresas.es\/wp-content\/uploads\/2025\/01\/cropped-color.png\",\"contentUrl\":\"https:\/\/almenaraempresas.es\/wp-content\/uploads\/2025\/01\/cropped-color.png\",\"width\":367,\"height\":231,\"caption\":\"Almenara Empresas\"},\"image\":{\"@id\":\"https:\/\/almenaraempresas.es\/#\/schema\/logo\/image\/\"}}]}<\/script>\n<!-- \/ Yoast SEO plugin. -->","yoast_head_json":{"title":"Gesti\u00f3n Socio-Laboral - Almenara Empresas","description":"En Almenara Empresas nos encargamos de la preparaci\u00f3n y redacci\u00f3n de contratos laborales para tus trabajadores en todas sus modalidades","robots":{"index":"index","follow":"follow","max-snippet":"max-snippet:-1","max-image-preview":"max-image-preview:large","max-video-preview":"max-video-preview:-1"},"canonical":"https:\/\/almenaraempresas.es\/en_us\/gestion-socio-laboral\/","og_locale":"en_US","og_type":"article","og_title":"Gesti\u00f3n Socio-Laboral - Almenara Empresas","og_description":"En Almenara Empresas nos encargamos de la preparaci\u00f3n y redacci\u00f3n de contratos laborales para tus trabajadores en todas sus modalidades","og_url":"https:\/\/almenaraempresas.es\/en_us\/gestion-socio-laboral\/","og_site_name":"Almenara Empresas","article_modified_time":"2025-12-19T12:18:20+00:00","og_image":[{"url":"http:\/\/almenaraempresas.es\/wp-content\/uploads\/2025\/01\/comprimida5-1024x683.jpg","type":"","width":"","height":""}],"twitter_card":"summary_large_image","twitter_misc":{"Est. reading time":"2 minutes"},"schema":{"@context":"https:\/\/schema.org","@graph":[{"@type":"WebPage","@id":"https:\/\/almenaraempresas.es\/gestion-socio-laboral\/","url":"https:\/\/almenaraempresas.es\/gestion-socio-laboral\/","name":"Gesti\u00f3n Socio-Laboral - Almenara Empresas","isPartOf":{"@id":"https:\/\/almenaraempresas.es\/#website"},"primaryImageOfPage":{"@id":"https:\/\/almenaraempresas.es\/gestion-socio-laboral\/#primaryimage"},"image":{"@id":"https:\/\/almenaraempresas.es\/gestion-socio-laboral\/#primaryimage"},"thumbnailUrl":"http:\/\/almenaraempresas.es\/wp-content\/uploads\/2025\/01\/comprimida5-1024x683.jpg","datePublished":"2025-01-14T10:56:53+00:00","dateModified":"2025-12-19T12:18:20+00:00","description":"En Almenara Empresas nos encargamos de la preparaci\u00f3n y redacci\u00f3n de contratos laborales para tus trabajadores en todas sus modalidades","breadcrumb":{"@id":"https:\/\/almenaraempresas.es\/gestion-socio-laboral\/#breadcrumb"},"inLanguage":"en-US","potentialAction":[{"@type":"ReadAction","target":["https:\/\/almenaraempresas.es\/gestion-socio-laboral\/"]}]},{"@type":"ImageObject","inLanguage":"en-US","@id":"https:\/\/almenaraempresas.es\/gestion-socio-laboral\/#primaryimage","url":"http:\/\/almenaraempresas.es\/wp-content\/uploads\/2025\/01\/comprimida5-1024x683.jpg","contentUrl":"http:\/\/almenaraempresas.es\/wp-content\/uploads\/2025\/01\/comprimida5-1024x683.jpg"},{"@type":"BreadcrumbList","@id":"https:\/\/almenaraempresas.es\/gestion-socio-laboral\/#breadcrumb","itemListElement":[{"@type":"ListItem","position":1,"name":"Portada","item":"https:\/\/almenaraempresas.es\/"},{"@type":"ListItem","position":2,"name":"Gesti\u00f3n Socio-Laboral"}]},{"@type":"WebSite","@id":"https:\/\/almenaraempresas.es\/#website","url":"https:\/\/almenaraempresas.es\/","name":"Almenara Empresas","description":"Almena Empresas - Tu departamento financiero, profesional e independiente","publisher":{"@id":"https:\/\/almenaraempresas.es\/#organization"},"alternateName":"Almenara","potentialAction":[{"@type":"SearchAction","target":{"@type":"EntryPoint","urlTemplate":"https:\/\/almenaraempresas.es\/?s={search_term_string}"},"query-input":{"@type":"PropertyValueSpecification","valueRequired":true,"valueName":"search_term_string"}}],"inLanguage":"en-US"},{"@type":"Organization","@id":"https:\/\/almenaraempresas.es\/#organization","name":"Almenara Empresas","alternateName":"Almenara Empresas - Tu departamento financiero, profesional e independiente","url":"https:\/\/almenaraempresas.es\/","logo":{"@type":"ImageObject","inLanguage":"en-US","@id":"https:\/\/almenaraempresas.es\/#\/schema\/logo\/image\/","url":"https:\/\/almenaraempresas.es\/wp-content\/uploads\/2025\/01\/cropped-color.png","contentUrl":"https:\/\/almenaraempresas.es\/wp-content\/uploads\/2025\/01\/cropped-color.png","width":367,"height":231,"caption":"Almenara Empresas"},"image":{"@id":"https:\/\/almenaraempresas.es\/#\/schema\/logo\/image\/"}}]}},"_links":{"self":[{"href":"https:\/\/almenaraempresas.es\/en_us\/wp-json\/wp\/v2\/pages\/526","targetHints":{"allow":["GET"]}}],"collection":[{"href":"https:\/\/almenaraempresas.es\/en_us\/wp-json\/wp\/v2\/pages"}],"about":[{"href":"https:\/\/almenaraempresas.es\/en_us\/wp-json\/wp\/v2\/types\/page"}],"author":[{"embeddable":true,"href":"https:\/\/almenaraempresas.es\/en_us\/wp-json\/wp\/v2\/users\/1"}],"replies":[{"embeddable":true,"href":"https:\/\/almenaraempresas.es\/en_us\/wp-json\/wp\/v2\/comments?post=526"}],"version-history":[{"count":46,"href":"https:\/\/almenaraempresas.es\/en_us\/wp-json\/wp\/v2\/pages\/526\/revisions"}],"predecessor-version":[{"id":1204,"href":"https:\/\/almenaraempresas.es\/en_us\/wp-json\/wp\/v2\/pages\/526\/revisions\/1204"}],"wp:attachment":[{"href":"https:\/\/almenaraempresas.es\/en_us\/wp-json\/wp\/v2\/media?parent=526"}],"curies":[{"name":"wp","href":"https:\/\/api.w.org\/{rel}","templated":true}]}}